{"id":1085,"date":"2023-08-09T12:26:53","date_gmt":"2023-08-09T10:26:53","guid":{"rendered":"https:\/\/www.usar.cz\/?page_id=1085"},"modified":"2023-08-09T12:33:07","modified_gmt":"2023-08-09T10:33:07","slug":"insarag-zsc","status":"publish","type":"page","link":"https:\/\/www.usar.cz\/en\/insarag-zsc\/","title":{"rendered":"Zased\u00e1n\u00ed region\u00e1ln\u00ed sekce INSARAG Afrika\/Evropa"},"content":{"rendered":"<p><a href=\"https:\/\/www.usar.cz\/wp-content\/uploads\/2023\/08\/2017_02_Svycarsko-EMT.rar\">Zpr\u00e1va z cesty (+ rar)- \u0160v\u00fdcarsko (\u00fanor 2017) (&#8222;Emergency Medical Teams\u201c a zased\u00e1n\u00ed sekce INSARAG Steering Group)<\/a><\/p>\n<p><a href=\"https:\/\/www.usar.cz\/wp-content\/uploads\/2023\/08\/2011_11_Tunisko.pdf\">Zpr\u00e1va z cesty &#8211; Tunisko (listopad 2011)<\/a><\/p>\n<p><a href=\"https:\/\/www.usar.cz\/wp-content\/uploads\/2023\/08\/2011_02_Svycarsko.pdf\">Zpr\u00e1va z cesty &#8211; \u0160v\u00fdcarsko (\u00fanor 2011)<\/a><\/p>\n<p><a href=\"https:\/\/www.usar.cz\/wp-content\/uploads\/2023\/08\/2010_03_Emiraty.pdf\">Zpr\u00e1va z cesty &#8211; Spojen\u00e9 arabsk\u00e9 emir\u00e1ty (b\u0159ezen 2010)<\/a><\/p>\n<p><a href=\"https:\/\/www.usar.cz\/wp-content\/uploads\/2023\/08\/2010_09_Japonsko.pdf\">Zpr\u00e1va z cesty &#8211; Japonsko (z\u00e1\u0159\u00ed 2010)<\/a><\/p>\n<p><a href=\"https:\/\/www.usar.cz\/wp-content\/uploads\/2023\/08\/2009_10_Madarsko.pdf\">Zpr\u00e1va z cesty &#8211; Ma\u010farsko (\u0159\u00edjen 2009)<\/a><\/p>\n<p><a href=\"https:\/\/www.usar.cz\/wp-content\/uploads\/2023\/08\/2009_06_Island.pdf\">Zpr\u00e1va z cesty &#8211; Island (\u010derven 2009)<\/a><\/p>\n<p><a href=\"https:\/\/www.usar.cz\/wp-content\/uploads\/2023\/08\/2007_03_Indie.pdf\">Zpr\u00e1va z cesty &#8211; Indie (b\u0159ezen 2007)<\/a><\/p>\n<p><a href=\"https:\/\/www.usar.cz\/wp-content\/uploads\/2023\/08\/2006_09_Tunisko.pdf\">Zpr\u00e1va z cesty &#8211; Tunisko (z\u00e1\u0159\u00ed 2006)<\/a><\/p>\n<p><a href=\"https:\/\/www.usar.cz\/wp-content\/uploads\/2023\/08\/2005_11_Estonsko.pdf\">Zpr\u00e1va z cesty &#8211; Estonsko (listopad 2005)<\/a><\/p>\n<p><a href=\"https:\/\/www.usar.cz\/wp-content\/uploads\/2023\/08\/2005_04_Svycarsko.pdf\">Zpr\u00e1va z cesty &#8211; \u0160v\u00fdcarsko (duben 2005)<\/a><\/p>\n<p><a href=\"https:\/\/www.usar.cz\/wp-content\/uploads\/2023\/08\/2004_11_Estonsko.pdf\">Zpr\u00e1va z cesty &#8211; Estonsko (listopad 2004)<\/a><\/p>\n<p><a href=\"https:\/\/www.usar.cz\/wp-content\/uploads\/2023\/08\/2004_09_Singapur.pdf\">Zpr\u00e1va z cesty &#8211; Singapur (z\u00e1\u0159\u00ed 2004)<\/a><\/p>\n<p><a href=\"https:\/\/www.usar.cz\/wp-content\/uploads\/2023\/08\/2004_04_Tunisko.pdf\">Zpr\u00e1va z cesty &#8211; Tunisko (duben 2004)<\/a><\/p>\n<p><a href=\"https:\/\/www.usar.cz\/wp-content\/uploads\/2023\/08\/2003_09_Svycarsko.pdf\">Zpr\u00e1va z cesty &#8211; \u0160v\u00fdcarsko (z\u00e1\u0159\u00ed 2003)<\/a><\/p>\n<p>&nbsp;<\/p>","protected":false},"excerpt":{"rendered":"<div class=\"mh-excerpt\"><p>Zpr\u00e1va z cesty (+ rar)- \u0160v\u00fdcarsko (\u00fanor 2017) (&#8222;Emergency Medical Teams\u201c a zased\u00e1n\u00ed sekce INSARAG Steering Group) Zpr\u00e1va z cesty &#8211; Tunisko (listopad 2011) Zpr\u00e1va <a class=\"mh-excerpt-more\" href=\"https:\/\/www.usar.cz\/en\/insarag-zsc\/\" title=\"Zased\u00e1n\u00ed region\u00e1ln\u00ed sekce INSARAG Afrika\/Evropa\">[&#8230;]<\/a><\/p>\n<\/div>","protected":false},"author":3,"featured_media":0,"parent":0,"menu_order":0,"comment_status":"closed","ping_status":"closed","template":"","meta":{"_monsterinsights_skip_tracking":false,"_monsterinsights_sitenote_active":false,"_monsterinsights_sitenote_note":"","_monsterinsights_sitenote_category":0,"footnotes":""},"class_list":["post-1085","page","type-page","status-publish","hentry"],"_links":{"self":[{"href":"https:\/\/www.usar.cz\/en\/wp-json\/wp\/v2\/pages\/1085","targetHints":{"allow":["GET"]}}],"collection":[{"href":"https:\/\/www.usar.cz\/en\/wp-json\/wp\/v2\/pages"}],"about":[{"href":"https:\/\/www.usar.cz\/en\/wp-json\/wp\/v2\/types\/page"}],"author":[{"embeddable":true,"href":"https:\/\/www.usar.cz\/en\/wp-json\/wp\/v2\/users\/3"}],"replies":[{"embeddable":true,"href":"https:\/\/www.usar.cz\/en\/wp-json\/wp\/v2\/comments?post=1085"}],"version-history":[{"count":4,"href":"https:\/\/www.usar.cz\/en\/wp-json\/wp\/v2\/pages\/1085\/revisions"}],"predecessor-version":[{"id":1106,"href":"https:\/\/www.usar.cz\/en\/wp-json\/wp\/v2\/pages\/1085\/revisions\/1106"}],"wp:attachment":[{"href":"https:\/\/www.usar.cz\/en\/wp-json\/wp\/v2\/media?parent=1085"}],"curies":[{"name":"wp","href":"https:\/\/api.w.org\/{rel}","templated":true}]}}