{"id":176,"date":"2023-01-03T15:28:47","date_gmt":"2023-01-03T14:28:47","guid":{"rendered":"https:\/\/www.usar.cz\/?page_id=176"},"modified":"2023-08-09T12:36:31","modified_gmt":"2023-08-09T10:36:31","slug":"odrad-usar","status":"publish","type":"page","link":"https:\/\/www.usar.cz\/en\/odrad-usar\/","title":{"rendered":"USAR Team"},"content":{"rendered":"<p>Vyhled\u00e1vac\u00ed a z\u00e1chrann\u00fd od\u0159ad do obydlen\u00fdch oblast\u00ed je jedn\u00edm z od\u0159ad\u016f MV-gener\u00e1ln\u00edho \u0159editelstv\u00ed HZS \u010cR. Od\u0159ad je p\u0159edur\u010den pro vyhled\u00e1vac\u00ed a z\u00e1chrann\u00e9 pr\u00e1ce v obydlen\u00fdch oblastech &#8211; zejm\u00e9na po zem\u011bt\u0159esen\u00edch. M\u016f\u017ee tak\u00e9 p\u016fsobit na \u00fazem\u00ed \u010cR p\u0159i z\u0159\u00edcen\u00ed budov.<\/p>\r\n<!-- \/wp:post-content -->\r\n\r\n<!-- wp:paragraph -->\r\n<p>Jedn\u00e1 se o od\u0159ad s t\u00fdlov\u00fdm zabezpe\u010den\u00edm nejm\u00e9n\u011b na 7 dn\u016f v po\u010dtu 36 osob (st\u0159edn\u00ed od\u0159ad) nebo s t\u00fdlov\u00fdm zabezpe\u010den\u00edm nejm\u00e9n\u011b na 10 dn\u00ed v po\u010dtu 69 osob (t\u011b\u017ek\u00fd od\u0159ad), jeho\u017e p\u0159eprava je zabezpe\u010dov\u00e1na letecky, alternativ\u011b pozemn\u00ed cestou do vzd\u00e1lenosti 1000 km.<\/p>\r\n<!-- \/wp:paragraph -->\r\n\r\n<!-- wp:paragraph -->\r\n<p><strong>STRUKTURA OD\u0158ADU USAR<\/strong><\/p>\r\n<!-- \/wp:paragraph -->\r\n\r\n<!-- wp:paragraph -->\r\n<p><strong>T\u011b\u017ek\u00fd USAR<\/strong> od\u0159ad se skl\u00e1d\u00e1 z 68 osob &#8211; z velitele od\u0159adu, z\u00e1stupce velitele od\u0159adu, 2 velitel\u016f segment\u016f &#8211; \u010det, 2 z\u00e1stupc\u016f velitel\u016f segment\u016f, 2 t\u00fdla\u0159\u016f &#8211; technik\u016f technick\u00e9 slu\u017eby &#8211; spoja\u0159\u016f, 2 t\u00fdla\u0159\u016f &#8211; logistik\u016f, 4 sty\u010dn\u00fdch d\u016fstojn\u00edk\u016f, 2 l\u00e9ka\u0159\u016f, IT specialisty, statika, bezpe\u010dnostn\u00edho d\u016fstojn\u00edka a d\u016fstojn\u00edka pl\u00e1nov\u00e1n\u00ed, 4 velitel\u016f dru\u017estev, 4 dru\u017estev hasi\u010d\u016f &#8211; 1+9 a 2 kynologick\u00fdch skupin &#8211; 1+4.<\/p>\r\n<!-- \/wp:paragraph -->\r\n\r\n<!-- wp:paragraph -->\r\n<p>Struktura HUSAR\u00a0<\/p>\r\n<!-- \/wp:paragraph -->\r\n\r\n<!-- wp:paragraph -->\r\n<p><img loading=\"lazy\" decoding=\"async\" class=\"wp-image-178 size-large aligncenter\" src=\"https:\/\/www.usar.cz\/wp-content\/uploads\/2023\/01\/006_HUSAR-struktura-1024x734.jpg\" alt=\"\" width=\"1024\" height=\"734\" srcset=\"https:\/\/www.usar.cz\/wp-content\/uploads\/2023\/01\/006_HUSAR-struktura-1024x734.jpg 1024w, https:\/\/www.usar.cz\/wp-content\/uploads\/2023\/01\/006_HUSAR-struktura-300x215.jpg 300w, https:\/\/www.usar.cz\/wp-content\/uploads\/2023\/01\/006_HUSAR-struktura-768x550.jpg 768w, https:\/\/www.usar.cz\/wp-content\/uploads\/2023\/01\/006_HUSAR-struktura-18x12.jpg 18w, https:\/\/www.usar.cz\/wp-content\/uploads\/2023\/01\/006_HUSAR-struktura.jpg 1292w\" sizes=\"auto, (max-width: 1024px) 100vw, 1024px\" \/><\/p>\r\n<!-- \/wp:paragraph -->\r\n\r\n<!-- wp:paragraph -->\r\n<p><strong>St\u0159edn\u00ed USAR<\/strong> od\u0159ad se skl\u00e1d\u00e1 z 36 osob &#8211; z 6 kynolog\u016f, l\u00e9ka\u0159e, 2 t\u00fdlov\u00fdch technik\u016f, IT technika, velitele od\u0159adu, z\u00e1stupce velitele od\u0159adu a 2 sty\u010dn\u00fdch d\u016fstojn\u00edk\u016f, velitele \u010dety, dvou dru\u017estev hasi\u010d\u016f-z\u00e1chran\u00e1\u0159\u016f 1+9 a statika. Tri\u010dka a \u010depice pro \u010dleny USAR od\u0159adu<\/p>\r\n<!-- \/wp:paragraph -->\r\n\r\n<!-- wp:paragraph -->\r\n<p><img loading=\"lazy\" decoding=\"async\" class=\"wp-image-181 size-full aligncenter\" src=\"https:\/\/www.usar.cz\/wp-content\/uploads\/2023\/01\/007_MUSAR-struktura.jpg\" alt=\"\" width=\"605\" height=\"856\" srcset=\"https:\/\/www.usar.cz\/wp-content\/uploads\/2023\/01\/007_MUSAR-struktura.jpg 605w, https:\/\/www.usar.cz\/wp-content\/uploads\/2023\/01\/007_MUSAR-struktura-212x300.jpg 212w, https:\/\/www.usar.cz\/wp-content\/uploads\/2023\/01\/007_MUSAR-struktura-8x12.jpg 8w\" sizes=\"auto, (max-width: 605px) 100vw, 605px\" \/><\/p>\r\n<!-- \/wp:paragraph -->\r\n\r\n<!-- wp:paragraph -->\r\n<p>Vzhledem k pot\u0159eb\u011b sjednocen\u00ed oble\u010den\u00ed \u010dlen\u016f USAR od\u0159adu a jejich reprezentaci byly vyrobeny POUZE PRO \u010cLENY USAR OD\u0158ADU tri\u010dka a \u010depice &#8222;USAR&#8220;.<\/p>\r\n<!-- \/wp:paragraph -->\r\n\r\n<!-- wp:paragraph -->\r\n<p><img loading=\"lazy\" decoding=\"async\" class=\"size-medium wp-image-182 aligncenter\" src=\"https:\/\/www.usar.cz\/wp-content\/uploads\/2023\/01\/008_obleceni-USAR-300x225.jpg\" alt=\"\" width=\"300\" height=\"225\" srcset=\"https:\/\/www.usar.cz\/wp-content\/uploads\/2023\/01\/008_obleceni-USAR-300x225.jpg 300w, https:\/\/www.usar.cz\/wp-content\/uploads\/2023\/01\/008_obleceni-USAR-768x576.jpg 768w, https:\/\/www.usar.cz\/wp-content\/uploads\/2023\/01\/008_obleceni-USAR-16x12.jpg 16w, https:\/\/www.usar.cz\/wp-content\/uploads\/2023\/01\/008_obleceni-USAR-678x509.jpg 678w, https:\/\/www.usar.cz\/wp-content\/uploads\/2023\/01\/008_obleceni-USAR-326x245.jpg 326w, https:\/\/www.usar.cz\/wp-content\/uploads\/2023\/01\/008_obleceni-USAR-80x60.jpg 80w, https:\/\/www.usar.cz\/wp-content\/uploads\/2023\/01\/008_obleceni-USAR.jpg 800w\" sizes=\"auto, (max-width: 300px) 100vw, 300px\" \/><\/p>\r\n<!-- \/wp:paragraph -->\r\n\r\n<!-- wp:paragraph -->\r\n<p><strong>SPECI\u00c1LN\u00cd TECHNIKA A PROST\u0158EDKY<\/strong><\/p>\r\n<!-- \/wp:paragraph -->\r\n\r\n<!-- wp:paragraph -->\r\n<p>Dle charakteru z\u00e1chrann\u00fdch prac\u00ed je od\u0159ad MV-gener\u00e1ln\u00edho \u0159editelstv\u00ed HZS \u010cR vybavov\u00e1n technick\u00fdmi prost\u0159edky z HZS hl.m. Prahy a HZS Moravskoslezsk\u00e9ho kraje.<\/p>\r\n<!-- \/wp:paragraph -->\r\n\r\n<!-- wp:paragraph -->\r\n<p><img loading=\"lazy\" decoding=\"async\" class=\"wp-image-183 size-full aligncenter\" src=\"https:\/\/www.usar.cz\/wp-content\/uploads\/2023\/01\/009_specialni-technika.jpg\" alt=\"\" width=\"664\" height=\"496\" srcset=\"https:\/\/www.usar.cz\/wp-content\/uploads\/2023\/01\/009_specialni-technika.jpg 664w, https:\/\/www.usar.cz\/wp-content\/uploads\/2023\/01\/009_specialni-technika-300x224.jpg 300w, https:\/\/www.usar.cz\/wp-content\/uploads\/2023\/01\/009_specialni-technika-16x12.jpg 16w, https:\/\/www.usar.cz\/wp-content\/uploads\/2023\/01\/009_specialni-technika-326x245.jpg 326w, https:\/\/www.usar.cz\/wp-content\/uploads\/2023\/01\/009_specialni-technika-80x60.jpg 80w\" sizes=\"auto, (max-width: 664px) 100vw, 664px\" \/><\/p>\r\n<!-- \/wp:paragraph -->\r\n\r\n<!-- wp:paragraph -->\r\n<p>[<a href=\"https:\/\/www.usar.cz\/odrad-usar\/historie-vzniku-odradu-usar\/\">Historie vzniku od\u0159adu USAR<\/a>]<\/p>\r\n<p>[<a href=\"https:\/\/www.usar.cz\/odrad-usar\/usar-cz-ostrava\/\">USAR CZ &#8211; Ostrava<\/a>]<\/p>\r\n<!-- \/wp:paragraph -->\r\n\r\n<!-- wp:paragraph -->\r\n<p><a href=\"https:\/\/www.usar.cz\/fotogalerie-usar\/\">[Fotogalerie]<\/a><\/p>\r\n<!-- \/wp:paragraph -->\r\n\r\n","protected":false},"excerpt":{"rendered":"<div class=\"mh-excerpt\"><p>Vyhled\u00e1vac\u00ed a z\u00e1chrann\u00fd od\u0159ad do obydlen\u00fdch oblast\u00ed je jedn\u00edm z od\u0159ad\u016f MV-gener\u00e1ln\u00edho \u0159editelstv\u00ed HZS \u010cR. Od\u0159ad je p\u0159edur\u010den pro vyhled\u00e1vac\u00ed a z\u00e1chrann\u00e9 pr\u00e1ce v obydlen\u00fdch <a class=\"mh-excerpt-more\" href=\"https:\/\/www.usar.cz\/en\/odrad-usar\/\" title=\"Od\u0159ad USAR\">[&#8230;]<\/a><\/p>\n<\/div>","protected":false},"author":3,"featured_media":0,"parent":0,"menu_order":4,"comment_status":"closed","ping_status":"closed","template":"","meta":{"_monsterinsights_skip_tracking":false,"_monsterinsights_sitenote_active":false,"_monsterinsights_sitenote_note":"","_monsterinsights_sitenote_category":0,"footnotes":""},"class_list":["post-176","page","type-page","status-publish","hentry"],"_links":{"self":[{"href":"https:\/\/www.usar.cz\/en\/wp-json\/wp\/v2\/pages\/176","targetHints":{"allow":["GET"]}}],"collection":[{"href":"https:\/\/www.usar.cz\/en\/wp-json\/wp\/v2\/pages"}],"about":[{"href":"https:\/\/www.usar.cz\/en\/wp-json\/wp\/v2\/types\/page"}],"author":[{"embeddable":true,"href":"https:\/\/www.usar.cz\/en\/wp-json\/wp\/v2\/users\/3"}],"replies":[{"embeddable":true,"href":"https:\/\/www.usar.cz\/en\/wp-json\/wp\/v2\/comments?post=176"}],"version-history":[{"count":7,"href":"https:\/\/www.usar.cz\/en\/wp-json\/wp\/v2\/pages\/176\/revisions"}],"predecessor-version":[{"id":1131,"href":"https:\/\/www.usar.cz\/en\/wp-json\/wp\/v2\/pages\/176\/revisions\/1131"}],"wp:attachment":[{"href":"https:\/\/www.usar.cz\/en\/wp-json\/wp\/v2\/media?parent=176"}],"curies":[{"name":"wp","href":"https:\/\/api.w.org\/{rel}","templated":true}]}}