{"id":188,"date":"2023-01-03T15:42:36","date_gmt":"2023-01-03T14:42:36","guid":{"rendered":"https:\/\/www.usar.cz\/?page_id=188"},"modified":"2023-01-03T15:42:36","modified_gmt":"2023-01-03T14:42:36","slug":"usar-cz-ostrava","status":"publish","type":"page","link":"https:\/\/www.usar.cz\/en\/odrad-usar\/usar-cz-ostrava\/","title":{"rendered":"USAR CZ - Ostrava"},"content":{"rendered":"<div>Zkratka USAR (Urban Search and Rescue) vych\u00e1z\u00ed z \u00a0anglick\u00e9ho v\u00fdrazu pro vysoce specializovanou \u010dinnost a v\u00a0 doslovn\u00e9m p\u0159ekladu znamen\u00e1 prohled\u00e1v\u00e1n\u00ed a z\u00e1chranu osob v\u00a0m\u011bstsk\u00e9m (urbanizovan\u00e9m) prost\u0159ed\u00ed. Jak je obvykl\u00e9, doslovn\u00fd p\u0159eklad nen\u00ed zcela v\u00fdsti\u017en\u00fd a p\u0159esn\u00fd, nicm\u00e9n\u011b pokud budeme hovo\u0159it o problematice USAR, bude t\u00edm d\u00e1le my\u0161lena problematika nalezen\u00ed, vypro\u0161t\u011bn\u00ed a o\u0161et\u0159en\u00ed osob z\u00a0objekt\u016f staticky naru\u0161en\u00fdch.<\/div>\n<div>P\u0159\u00ed\u010diny statick\u00e9ho naru\u0161en\u00ed budov nebo komplex\u016f budov m\u016f\u017eeme rozd\u011blit do dvou z\u00e1kladn\u00edch skupin.<\/div>\n<div>Prvn\u00ed skupinu p\u0159edstavuj\u00ed\u00a0<b>p\u0159\u00edrodn\u00ed jevy<\/b>, mezi kter\u00e9 lze za\u0159adit nap\u0159. zem\u011bt\u0159esen\u00ed, laviny, sesuvy p\u016fdy, protr\u017een\u00ed hr\u00e1z\u00ed, povodn\u011b, z\u0159\u00edcen\u00ed skal, vich\u0159ice, torn\u00e1da, v\u00fdrony plyn\u016f, nadm\u011brn\u00e9 de\u0161\u0165ov\u00e9 nebo sn\u011bhov\u00e9 sr\u00e1\u017eky, p\u0159\u00edpadn\u011b tsunami, sope\u010dn\u00e9 erupce atp.<\/div>\n<div>Do druh\u00e9 skupiny \u0159ad\u00edme \u010dinnosti, kter\u00e9 jsou \u00fazce spjaty s\u00a0\u00famyslnou, ne\u00famyslnou \u010di nedbalostn\u00ed \u010dinnost\u00ed \u010dlov\u011bka a daj\u00ed se definovat jako\u00a0<b>p\u0159\u00ed\u010diny technologick\u00e9<\/b>,nap\u0159. nehody v chemick\u00e9m a jin\u00e9m pr\u016fmyslu, neodborn\u00e9 rozeb\u00edr\u00e1n\u00ed konstrukc\u00ed budov, nehody p\u0159i v\u00fdstavb\u011b budov, indukovan\u00e1 zem\u011bt\u0159esen\u00ed (d\u016fln\u00ed ot\u0159esy aj.), hav\u00e1rie p\u0159i doprav\u011b a skladov\u00e1n\u00ed nebezpe\u010dn\u00fdch l\u00e1tek, dopravn\u00ed nehody, teroristick\u00e9 \u00fatoky, atp.<\/div>\n<div><\/div>\n<div>P\u0159esto\u017ee \u010cesk\u00e1 republika nele\u017e\u00ed v\u00a0oblastech potenci\u00e1ln\u011b ohro\u017een\u00fdch zem\u011bt\u0159esen\u00edm, tedy obecn\u011b p\u0159\u00ed\u010dinou statick\u00e9ho naru\u0161en\u00ed budov s\u00a0nejrozs\u00e1hlej\u0161\u00edmi d\u016fsledky, jednotky po\u017e\u00e1rn\u00ed ochrany (d\u00e1le jen \u201ejednotky PO\u201c) mus\u00ed ka\u017edoro\u010dn\u011b \u0159e\u0161it \u0159adu z\u00e1sah\u016f, kter\u00e9 vy\u017eaduj\u00ed nebo jejich\u017e \u0159e\u0161en\u00ed by podstatn\u011b zefektivnilo pou\u017eit\u00ed taktick\u00fdch postup\u016f USAR t\u00fdm\u016f, vyu\u017eit\u00ed jejich speci\u00e1ln\u00edch technick\u00fdch prost\u0159edk\u016f a zejm\u00e9na nasazen\u00ed \u010dlen\u016f USAR t\u00fdm\u016f s praktick\u00fdmi zku\u0161enostmi z\u00a0\u0159e\u0161en\u00ed tohoto typu ud\u00e1lost\u00ed.<\/div>\n<div>Prov\u00e1d\u011bn\u00ed z\u00e1chrann\u00fdch prac\u00ed v\u00a0\u010cesk\u00e9 republice je, podle platn\u00e9 legislativy, n\u00e1pln\u00ed \u010dinnosti jednotek PO bez ohledu na jejich kategorii. Proto nelze vylou\u010dit situaci, kdy u z\u0159\u00edcen\u00e9 nebo staticky naru\u0161en\u00e9 budovy budou zasahovat jednotky SDH obc\u00ed, jednotky HZS \u010cR ve spolupr\u00e1ci s\u00a0dal\u0161\u00edmi z\u00e1kladn\u00edmi a ostatn\u00edmi slo\u017ekami integrovan\u00e9ho z\u00e1chrann\u00e9ho syst\u00e9mu. \u00a0\u00darove\u0148 pomoci je z\u00e1visl\u00e1 na vybaven\u00ed jednotky, vycvi\u010denosti jednotliv\u00fdch p\u0159\u00edslu\u0161n\u00edk\u016f \u010di \u010dlen\u016f a \u010dasov\u00e9m horizontu, kdy se jednotka efektivn\u011b m\u016f\u017ee zapojit do \u0159e\u0161en\u00ed mimo\u0159\u00e1dn\u00e9 ud\u00e1losti.<\/div>\n<div>Vyhled\u00e1v\u00e1n\u00ed a vypro\u0161\u0165ov\u00e1n\u00ed osob v\u00a0\u010d\u00e1ste\u010dn\u011b nebo zcela z\u0159\u00edcen\u00e9m objektu je z\u00e1sahem velmi n\u00e1ro\u010dn\u00fdm. Pro lokalizaci m\u00edsta ob\u011bt\u00ed se pou\u017e\u00edv\u00e1 \u0159ada speci\u00e1ln\u00edch technick\u00fdch prost\u0159edk\u016f, kter\u00e9 nejsou zejm\u00e9na z\u00a0finan\u010dn\u00edch d\u016fvod\u016f b\u011b\u017en\u011b ve vybaven\u00ed jednotek PO. S\u00a0t\u00edmto typem z\u00e1sahu se tak\u00e9 poj\u00ed i pou\u017e\u00edv\u00e1n\u00ed specifick\u00fdch postup\u016f pro lokalizaci zasypan\u00fdch osob.Tyto postupy nejsou b\u011b\u017enou sou\u010d\u00e1st\u00ed odborn\u00e9 p\u0159\u00edpravy jednotek PO. Nestandardn\u00ed technick\u00e9 prost\u0159edky jsou tak\u00e9 nezbytn\u00e9 pro stabilizaci staticky naru\u0161en\u00e9ho objektu.<\/div>\n<div>Z\u00a0v\u00fd\u0161e uveden\u00fdch d\u016fvod\u016f nen\u00ed mo\u017en\u00e9 p\u0159ipravit a vybavit ka\u017edou jednotku PO na \u0159e\u0161en\u00ed tohoto typu ud\u00e1lost\u00ed takov\u00fdm zp\u016fsobem, aby pomoc byla efektivn\u00ed, \u00fa\u010dinn\u00e1 a pro zachra\u0148ovan\u00e9 a zasahuj\u00edc\u00ed hasi\u010de maxim\u00e1ln\u011b bezpe\u010dn\u00e1. Vnit\u0159n\u00edmi p\u0159edpisy HZS \u010cR je proto upravena existence dvou USAR od\u0159ad\u016f (vyhled\u00e1vac\u00ed a z\u00e1chrann\u00fd od\u0159ad), kter\u00e9 z\u0159izuj\u00ed HZS Moravskoslezsk\u00e9ho kraje a HZS hl. m. Prahy. Tyto od\u0159ady mohou b\u00fdt nasazeny v\u00a0p\u0159\u00edpad\u011b pot\u0159eby nejen v\u00a0\u010cesk\u00e9 republice, kdy je stanovena jejich p\u0159edur\u010denost pro jednotliv\u00e9 kraje, ale v\u00a0p\u0159\u00edpad\u011b pot\u0159eby tak\u00e9 v zahrani\u010d\u00ed v\u00a0r\u00e1mci zapojen\u00ed \u010cesk\u00e9 republiky do mezin\u00e1rodn\u00edch z\u00e1chrann\u00fdch operac\u00ed. V\u00a0tomto p\u0159\u00edpad\u011b m\u00e1 USAR od\u0159ad statut jednotky MV-gener\u00e1ln\u00edho \u0159editelstv\u00ed HZS \u010cR.<\/div>\n<div>C\u00edlem s\u00e9rie \u010dl\u00e1nk\u016f je sezn\u00e1men\u00ed \u010dten\u00e1\u0159\u016f s\u00a0USAR od\u0159adem HZS Moravskoslezsk\u00e9ho kraje, pota\u017emo filosoficky s\u00a0problematikou USAR v\u00a0\u010cesk\u00e9 republice.<\/div>\n<div>Od\u0159ad je definov\u00e1n n\u00e1sleduj\u00edc\u00edm zp\u016fsobem: \u201eOd\u0159ad sest\u00e1v\u00e1 z\u00a0hasi\u010d\u016f nejm\u00e9n\u011b dvou jednotek PO nebo z\u00a0hasi\u010d\u016f nejm\u00e9n\u011b jedn\u00e9 jednotky PO a osob za\u010dlen\u011bn\u00fdch ve slo\u017ece integrovan\u00e9ho z\u00e1chrann\u00e9ho syst\u00e9mu nebo z\u00a0hasi\u010d\u016f jednotky PO a osob poskytuj\u00edc\u00edch osobn\u00ed, resp. v\u011bcnou pomoc.\u201c Od\u0159ady jsou p\u0159edur\u010deny zejm\u00e9na pro pomoc na \u00fazem\u00ed \u010cesk\u00e9 republiky republiky, organizovanou MV \u2013 gener\u00e1ln\u00edm \u0159editelstv\u00edm HZS \u010cR nad r\u00e1mec po\u017e\u00e1rn\u00edch poplachov\u00fdch pl\u00e1n\u016f kraj\u016f a v\u00a0p\u0159\u00edpad\u011b pot\u0159eby mohou b\u00fdt nasazeny na \u00fazem\u00ed st\u00e1t\u016f Evropy nebo dle po\u017eadavk\u016f v\u00a0omezen\u00e9 m\u00ed\u0159e i v\u00a0dal\u0161\u00edch zem\u00edch.<\/div>\n<div>Materi\u00e1ln\u011b technick\u00e9 zabezpe\u010den\u00ed USAR od\u0159adu se dle metodiky INSARAG vytv\u00e1\u0159\u00ed na 10 dn\u00ed opera\u010dn\u00ed \u010dinnosti v\u00a0m\u00edst\u011b z\u00e1sahu tak, aby od\u0159ad byl pokud mo\u017eno co nejv\u00edce sob\u011bsta\u010dn\u00fd a nezat\u011b\u017eoval st\u00e1t vy\u017eaduj\u00edc\u00ed pomoc.<\/div>\n<div>Problematika vysl\u00e1n\u00ed USAR od\u0159adu, respektive jeho p\u0159epravy je velmi rozs\u00e1hl\u00e1 a komplikovan\u00e1. Existuj\u00ed t\u0159i mo\u017enosti vysl\u00e1n\u00ed USAR od\u0159adu na m\u00edsto nasazen\u00ed:<\/div>\n<div><\/div>\n<div>1.\u00a0\u00a0\u00a0\u00a0\u00a0<b>leteck\u00e1 p\u0159eprava\u00a0<\/b>se uva\u017euje do vzd\u00e1lenosti 2\u00a0500 km. V\u00a0\u010cesk\u00e9 republice jeomezena vybaven\u00edm Arm\u00e1dy \u010cR. V\u00a0sou\u010dasn\u00e9 dob\u011b prob\u00edhaj\u00ed jedn\u00e1n\u00ed, s\u00a0vazbou na modernizaci leteck\u00e9ho parku dopravn\u00edho letectva Arm\u00e1dy \u010cR, k\u00a0zaji\u0161t\u011bn\u00ed leteck\u00fdch prost\u0159edk\u016f pro p\u0159epravu USAR od\u0159adu, pota\u017emo humanit\u00e1rn\u00ed pomoci. Aktu\u00e1ln\u011b jsou k\u00a0dispozici letouny An-26, letoun TU-154 (pouze do prosince 2007), vrtuln\u00edky Mi 171. Ani jeden z\u00a0uveden\u00fdch typ\u016f nen\u00ed pro p\u0159epravu USAR od\u0159adu z\u00a0kapacitn\u00edch d\u016fvod\u016f ide\u00e1ln\u00ed.<\/div>\n<div><\/div>\n<div>2.\u00a0\u00a0\u00a0\u00a0\u00a0\u00a0<b>pozemn\u00ed cesta\u00a0<\/b>umo\u017e\u0148uje p\u0159esun t\u011b\u017ek\u00e9 techniky a sob\u011bsta\u010dnou \u010dinnost USAR od\u0159adu. Vysl\u00e1n\u00ed pozemn\u00ed cestou se p\u0159edpokl\u00e1d\u00e1 na vzd\u00e1lenost do 1000 km (cca 17 h j\u00edzdy).<\/div>\n<div><\/div>\n<div>3.\u00a0\u00a0\u00a0\u00a0\u00a0\u00a0<b>kombinace obou zp\u016fsob\u016f p\u0159eprav<\/b>-s\u00edly vyslan\u00e9 letecky mohou b\u00fdt dopln\u011bnypozemn\u00edmi silami a mohou zas\u00e1hnout do vzd\u00e1lenosti a\u017e 2500 km (cca 60 hodin j\u00edzdy) s plnou podporou a t\u00fdlov\u00fdm zabezpe\u010den\u00edm prvn\u00ed jednotky vyslan\u00e9 leteckou cestou.<\/div>\n<div><\/div>\n<div>Doba odletu USAR od\u0159adu nebo jeho \u010d\u00e1sti p\u0159epravovan\u00e9ho letecky od v\u00fdzvy k\u00a0vytvo\u0159en\u00ed od\u0159adu je:<\/div>\n<div>\u00b7\u00a0\u00a0\u00a0\u00a0\u00a0\u00a0\u00a0\u00a030 minut p\u0159i vysl\u00e1n\u00ed vrtuln\u00edkem v\u00a0r\u00e1mci \u010cesk\u00e9 republiky (zpravidla se vys\u00edl\u00e1 skupina specialist\u016f \u2013 oper\u00e1to\u0159i elektronick\u00fdch vyhled\u00e1vac\u00edch za\u0159\u00edzen\u00ed, kynologov\u00e9 se psy atp.),<\/div>\n<div>\u00b7\u00a0\u00a0\u00a0\u00a0\u00a0\u00a0\u00a0\u00a04 hodiny p\u0159i vysl\u00e1n\u00ed do zahrani\u010d\u00ed v\u00a0redukovan\u00e9 struktu\u0159e,<\/div>\n<div>\u00b7\u00a0\u00a0\u00a0\u00a0\u00a0\u00a0\u00a0\u00a06 hodin p\u0159i vysl\u00e1n\u00ed do zahrani\u010d\u00ed v\u00a0z\u00e1kladn\u00ed struktu\u0159e.<\/div>\n<div><\/div>\n<div>USAR od\u0159ad je p\u0159edur\u010den k vyhled\u00e1v\u00e1n\u00ed a z\u00e1chran\u011b osob v\u00a0p\u0159\u00edpad\u011b \u017eiveln\u00fdch katastrof a k\u00a0pln\u011bn\u00ed dal\u0161\u00edch \u00fakol\u016f. USAR od\u0159ad p\u0159edev\u0161\u00edm:<\/div>\n<div>&#8211;\u00a0\u00a0\u00a0\u00a0\u00a0\u00a0\u00a0\u00a0\u00a0prov\u00e1d\u00ed fyzicky vyhled\u00e1vac\u00ed a z\u00e1chrann\u00e9 pr\u00e1ce ve staticky naru\u0161en\u00fdch objektech,<\/div>\n<div>&#8211;\u00a0\u00a0\u00a0\u00a0\u00a0\u00a0\u00a0\u00a0\u00a0zaji\u0161\u0165uje neodkladnou zdravotn\u00ed p\u00e9\u010di \u010dlen\u016fm od\u0159adu zasahuj\u00edc\u00edm na m\u00edst\u011b,<\/div>\n<div>&#8211;\u00a0\u00a0\u00a0\u00a0\u00a0\u00a0\u00a0\u00a0\u00a0poskytuje neodkladnou zdravotn\u00ed p\u00e9\u010di posti\u017een\u00fdm osob\u00e1m,<\/div>\n<div>&#8211;\u00a0\u00a0\u00a0\u00a0\u00a0\u00a0\u00a0\u00a0\u00a0poskytuje m\u00edstn\u00edmu zdravotnick\u00e9mu person\u00e1lu informace o prvotn\u00edm o\u0161et\u0159en\u00ed zran\u011bn\u00fdch,<\/div>\n<div>&#8211;\u00a0\u00a0\u00a0\u00a0\u00a0\u00a0\u00a0\u00a0\u00a0prov\u00e1d\u00ed pr\u016fzkum \u2013 zhodnocuje \u0161kody a pot\u0159eby a informuje \u0159\u00edd\u00edc\u00ed org\u00e1ny OSOCC (On Site Operations Coordination Centre) nebo LEMA (Local emergency management authority),<\/div>\n<div>&#8211;\u00a0\u00a0\u00a0\u00a0\u00a0\u00a0\u00a0\u00a0\u00a0informuje obyvatelstvo o dostupn\u00fdch slu\u017eb\u00e1ch jako je o\u0161et\u0159en\u00ed, potraviny, n\u00e1poje, nouzov\u00e9 ubytov\u00e1n\u00ed atd., jakmile jsou tyto slu\u017eby z\u0159\u00edzeny,<\/div>\n<div>&#8211;\u00a0\u00a0\u00a0\u00a0\u00a0\u00a0\u00a0\u00a0\u00a0distribuuje humanit\u00e1rn\u00ed pomoc (vodu, potraviny, plachty, stanov\u00e9 d\u00edlce atd.) posti\u017een\u00fdm,<\/div>\n<div>&#8211;\u00a0\u00a0\u00a0\u00a0\u00a0\u00a0\u00a0\u00a0\u00a0zaji\u0161\u0165uje\u00a0provoz v\u00a0d\u016fle\u017eit\u00fdch budov\u00e1ch (spr\u00e1vn\u00ed\/ve\u0159ejn\u00e9 budovy), kter\u00e9 mus\u00ed b\u00fdt okam\u017eit\u011b v provozu pro podporu z\u00e1chrann\u00fdch prac\u00ed,<\/div>\n<div>&#8211;\u00a0\u00a0\u00a0\u00a0\u00a0\u00a0\u00a0\u00a0\u00a0\u0159\u00edd\u00ed, vede a \u0161kol\u00ed m\u00edstn\u00ed dobrovoln\u00edky,<\/div>\n<div>&#8211;\u00a0\u00a0\u00a0\u00a0\u00a0\u00a0\u00a0\u00a0\u00a0analyzuje nutnost uzav\u0159en\u00ed technick\u00fdch rozvod\u016f v budov\u00e1ch a objektech,<\/div>\n<div>&#8211;\u00a0\u00a0\u00a0\u00a0\u00a0\u00a0\u00a0\u00a0\u00a0analyzuje v\u00fdskyt nebezpe\u010dn\u00fdch l\u00e1tek a materi\u00e1l\u016f, zhodnocuje m\u00edru rizika pro zasahuj\u00edc\u00ed \u010dleny USAR od\u0159adu v\u00a0posti\u017een\u00e9 oblasti,<\/div>\n<div>&#8211;\u00a0\u00a0\u00a0\u00a0\u00a0\u00a0\u00a0\u00a0\u00a0prov\u00e1d\u00ed nep\u0159etr\u017eit\u00e9 vyhodnocov\u00e1n\u00ed \u00a0stability konstrukc\u00ed,<\/div>\n<div>&#8211;\u00a0\u00a0\u00a0\u00a0\u00a0\u00a0\u00a0\u00a0\u00a0stabilizuje po\u0161kozen\u00e9 objekty,<\/div>\n<div>&#8211;\u00a0\u00a0\u00a0\u00a0\u00a0\u00a0\u00a0\u00a0\u00a0pom\u00e1h\u00e1 po\u0161kozen\u00fdm chr\u00e1nit jejich majetek p\u0159ed \u00fa\u010dinky klimatick\u00fdch vliv\u016f,<\/div>\n<div>&#8211;\u00a0\u00a0\u00a0\u00a0\u00a0\u00a0\u00a0\u00a0\u00a0koordinuje svou \u010dinnost se zasahuj\u00edc\u00edmi m\u00edstn\u00edmi slo\u017ekami,<\/div>\n<div>&#8211;\u00a0\u00a0\u00a0\u00a0\u00a0\u00a0\u00a0\u00a0\u00a0dle sv\u00fdch mo\u017enost\u00ed zaji\u0161\u0165uje spojen\u00ed,<\/div>\n<div>&#8211;\u00a0\u00a0\u00a0\u00a0\u00a0\u00a0\u00a0\u00a0\u00a0ozna\u010duje, p\u0159\u00edpadn\u011b identifikuje ulice a budovy dle metodiky INSARAG.<\/div>\n<div>V\u00fd\u0161e uveden\u00fdm \u00fakol\u016fm mus\u00ed tak\u00e9 odpov\u00eddat struktura USAR od\u0159adu. P\u0159\u00edslu\u0161n\u00edci za\u0159azeni do od\u0159adu maj\u00ed dlouholet\u00e9 zku\u0161enosti z\u00a0praktick\u00fdch nasazen\u00ed v\u00a0r\u00e1mci v\u00fdjezdov\u00e9 \u010dinnosti. V\u00a0r\u00e1mci struktury od\u0159adu jsou zastoupeny v\u0161echny vyu\u017eiteln\u00e9 odbornosti a specializace, kter\u00e9 dnes u HZS \u010cR jsou jako nap\u0159. lezec, leteck\u00fdch z\u00e1chran\u00e1\u0159, spojov\u00fd technik, technik chemick\u00e9 slu\u017eby, technik technick\u00e9 slu\u017eby, technik strojn\u00ed slu\u017eby oper\u00e1tor elektronick\u00fdch vyhled\u00e1vac\u00edch za\u0159\u00edzen\u00ed, vaza\u010d, absolventi kurz\u016f dopravy nemocn\u00fdch, ran\u011bn\u00fdch a rodi\u010dek, obsluhy motorov\u00fdch \u0159et\u011bzov\u00fdch pil atp.<\/div>\n<div>Podrobn\u011bj\u0161\u00ed informace o struktu\u0159e USAR od\u0159adu HZS Moravskoslezsk\u00e9ho kraje, \u00fakolech jednotliv\u00fdch skupin od\u0159adu, podrobnosti o osobn\u00edm a technick\u00e9m vybaven\u00ed \u010dlen\u016f i cel\u00e9ho t\u00fdmu a po\u017eadavc\u00edch na odbornou, jazykovou a zdravotn\u00ed p\u0159ipravenost budou n\u00e1pln\u00ed n\u00e1sleduj\u00edc\u00edch \u010dl\u00e1nk\u016f.<\/div>\n<div><\/div>\n<div style=\"text-align: right;\">Auto\u0159i:<\/div>\n<div style=\"text-align: right;\">kpt. Ing. Richard Franc \u2013 HZS Moravskoslezsk\u00e9ho kraje<\/div>\n<div style=\"text-align: right;\">plk. Ing. Radim Kucha\u0159 &#8211; HZS Moravskoslezsk\u00e9ho kraje<\/div>\n<div style=\"text-align: right;\">foto: ppor. Stanislav Kostka &#8211; HZS Moravskoslezsk\u00e9ho kraje<\/div>\n<div><\/div>\n<div><a href=\"https:\/\/www.usar.cz\/wp-content\/uploads\/2023\/01\/Struktura-a-ukoly-odradu-HZS-Moravskoslezskeho-kraje.pdf\">[Struktura a \u00fakoly od\u0159adu HZS Moravskoslezsk\u00e9ho kraje]<\/a><\/div>\n<div><a href=\"https:\/\/www.usar.cz\/wp-content\/uploads\/2023\/01\/Zpusoby-lokalizace-osob-zasypanych-v-sutinach-technicke-prostredky.pdf\">[Zp\u016fsoby lokalizace osob zasypan\u00fdch v sutin\u00e1ch, technick\u00e9 prost\u0159edky]<\/a><\/div>\n<div><a href=\"https:\/\/www.usar.cz\/wp-content\/uploads\/2023\/01\/Vizualni-elektronicka-vyhledavaci-zarizeni.pdf\">[Vizu\u00e1ln\u00ed elektronick\u00e1 vyhled\u00e1vac\u00ed za\u0159\u00edzen\u00ed<\/a>]<\/div>\n","protected":false},"excerpt":{"rendered":"<div class=\"mh-excerpt\"><p>Zkratka USAR (Urban Search and Rescue) vych\u00e1z\u00ed z \u00a0anglick\u00e9ho v\u00fdrazu pro vysoce specializovanou \u010dinnost a v\u00a0 doslovn\u00e9m p\u0159ekladu znamen\u00e1 prohled\u00e1v\u00e1n\u00ed a z\u00e1chranu osob v\u00a0m\u011bstsk\u00e9m (urbanizovan\u00e9m) <a class=\"mh-excerpt-more\" href=\"https:\/\/www.usar.cz\/en\/odrad-usar\/usar-cz-ostrava\/\" title=\"USAR CZ &#8211; Ostrava\">[&#8230;]<\/a><\/p>\n<\/div>","protected":false},"author":3,"featured_media":0,"parent":176,"menu_order":5,"comment_status":"closed","ping_status":"closed","template":"","meta":{"_monsterinsights_skip_tracking":false,"_monsterinsights_sitenote_active":false,"_monsterinsights_sitenote_note":"","_monsterinsights_sitenote_category":0,"footnotes":""},"class_list":["post-188","page","type-page","status-publish","hentry"],"_links":{"self":[{"href":"https:\/\/www.usar.cz\/en\/wp-json\/wp\/v2\/pages\/188","targetHints":{"allow":["GET"]}}],"collection":[{"href":"https:\/\/www.usar.cz\/en\/wp-json\/wp\/v2\/pages"}],"about":[{"href":"https:\/\/www.usar.cz\/en\/wp-json\/wp\/v2\/types\/page"}],"author":[{"embeddable":true,"href":"https:\/\/www.usar.cz\/en\/wp-json\/wp\/v2\/users\/3"}],"replies":[{"embeddable":true,"href":"https:\/\/www.usar.cz\/en\/wp-json\/wp\/v2\/comments?post=188"}],"version-history":[{"count":1,"href":"https:\/\/www.usar.cz\/en\/wp-json\/wp\/v2\/pages\/188\/revisions"}],"predecessor-version":[{"id":192,"href":"https:\/\/www.usar.cz\/en\/wp-json\/wp\/v2\/pages\/188\/revisions\/192"}],"up":[{"embeddable":true,"href":"https:\/\/www.usar.cz\/en\/wp-json\/wp\/v2\/pages\/176"}],"wp:attachment":[{"href":"https:\/\/www.usar.cz\/en\/wp-json\/wp\/v2\/media?parent=188"}],"curies":[{"name":"wp","href":"https:\/\/api.w.org\/{rel}","templated":true}]}}