{"id":23,"date":"2023-01-13T11:41:44","date_gmt":"2023-01-13T10:41:44","guid":{"rendered":"https:\/\/www.usar.cz\/?page_id=23"},"modified":"2023-08-11T10:49:14","modified_gmt":"2023-08-11T08:49:14","slug":"mechanismus-co-unie","status":"publish","type":"page","link":"https:\/\/www.usar.cz\/en\/mechanismus-co-unie\/","title":{"rendered":"Union Civil Protection Mechanism"},"content":{"rendered":"\r\n<p><span style=\"color: #800080;\"><em>Rozhodnut\u00ed Evropsk\u00e9ho parlamentu a Rady \u010d. 1313\/2013\/EU o mechanismu civiln\u00ed ochrany Unie<\/em><\/span> je st\u011b\u017eejn\u00edm dokumentem EU v oblasti civiln\u00ed ochrany. Tento legislativn\u00ed n\u00e1stroj umo\u017e\u0148uje u\u017e\u0161\u00ed spolupr\u00e1ci z\u00fa\u010dastn\u011bn\u00fdch st\u00e1t\u016f a lep\u0161\u00ed koordinaci a reakci na katastrofy uvnit\u0159 i mimo EU. Jeho c\u00edlem je podporovat, koordinovat a dopl\u0148ovat \u010dinnosti z\u00fa\u010dastn\u011bn\u00fdch st\u00e1t\u016f v oblasti civiln\u00ed ochrany a zlep\u0161ovat \u00fa\u010dinnost syst\u00e9m\u016f v oblasti prevence, p\u0159ipravenosti a odezvy na p\u0159\u00edrodn\u00ed a \u010dlov\u011bkem zp\u016fsoben\u00e9 katastrofy. V sou\u010dasn\u00e9 dob\u011b se Mechanismus civiln\u00ed ochrany Unie vztahuje na 27 \u010dlensk\u00fdch st\u00e1t\u016f EU, \u010cernou Horu, Island, Severn\u00ed Makedonii, Norsko, Srbsko, Turecko, Alb\u00e1nie, Bosna a Hercegovina a Ukrajina. Vyu\u017eit\u00ed n\u011bkter\u00fdch z jeho opat\u0159en\u00ed je umo\u017en\u011bno i ostatn\u00edm kandid\u00e1tsk\u00fdm zem\u00edm a potenci\u00e1ln\u00edm kandid\u00e1t\u016fm a zem\u00edm, kter\u00e9 jsou sou\u010d\u00e1st\u00ed evropsk\u00e9 politiky sousedstv\u00ed.<\/p>\r\n\r\n\r\n\r\n<p>Mechanismus civiln\u00ed ochrany Unie m\u00e1 k dispozici \u0159adu vlastn\u00edch n\u00e1stroj\u016f, d\u00edky nim\u017e lze poskytovat pomoc, pokud o ni posti\u017een\u00fd st\u00e1t po\u017e\u00e1d\u00e1. Pat\u0159\u00ed sem zejm\u00e9na St\u0159edisko pro koordinaci odezvy na mimo\u0159\u00e1dn\u00e9 ud\u00e1losti (d\u00e1le jen &#8222;ERCC&#8220;) a Spole\u010dn\u00fd komunika\u010dn\u00ed a informa\u010dn\u00ed syst\u00e9m pro mimo\u0159\u00e1dn\u00e9 ud\u00e1losti (d\u00e1le jen &#8222;CECIS&#8220;). Prost\u0159ednictv\u00edm t\u011bchto dvou n\u00e1stroj\u016f lze koordinovat a komunikovat popt\u00e1vanou a nab\u00edzenou pomoc a z\u00e1rove\u0148 \u0159e\u0161it p\u0159epravu t\u00e9to pomoci.<\/p>\r\n\r\n\r\n\r\n<p>CECIS p\u0159edev\u0161\u00edm propojuje p\u0159\u00edslu\u0161n\u00e9 org\u00e1ny a kontaktn\u00ed m\u00edsta v \u010dlensk\u00fdch st\u00e1tech a ERCC (v p\u0159\u00edpad\u011b \u010cR je kontaktn\u00edm m\u00edstem n\u00e1rodn\u00ed opera\u010dn\u00ed a informa\u010dn\u00ed st\u0159edisko G\u0158 HZS \u010cR). D\u00e1le obsahuje datab\u00e1ze s informacemi o registraci a dostupnosti dobrovoln\u011b vy\u010dlen\u011bn\u00fdch zdroj\u016f z\u00fa\u010dastn\u011bn\u00fdch st\u00e1t\u016f ur\u010den\u00fdch pro odezvu na katastrofy. Stejn\u011b tak umo\u017e\u0148uje sd\u011blov\u00e1n\u00ed a \u0161\u00ed\u0159en\u00ed z\u00edskan\u00fdch zku\u0161enost\u00ed z\u00edskan\u00fdch p\u0159i z\u00e1saz\u00edch v oblasti civiln\u00ed ochrany<\/p>\r\n\r\n\r\n\r\n<p>ERCC je v pln\u00e9m provozu 24 hodin denn\u011b 7 dn\u00ed v t\u00fddnu. K jeho kl\u00ed\u010dov\u00fdm \u00faloh\u00e1m pat\u0159\u00ed:<\/p>\r\n\r\n\r\n\r\n<ul>\r\n<li>\u00a0\u00a0\u00a0 fungovat jako monitorovac\u00ed a koordina\u010dn\u00ed platforma EU pro p\u0159\u00edpady katastrof i jako komunika\u010dn\u00ed st\u0159edisko pro \u010dlensk\u00e9 st\u00e1ty, zasa\u017een\u00fd st\u00e1t a odborn\u00e9 pracovn\u00edky v ter\u00e9nu;\r\n\r\n<\/li>\r\n<li>\u00a0\u00a0\u00a0 vyv\u00edjet a \u0161\u00ed\u0159it informa\u010dn\u00ed produkty (denn\u00ed informace o katastrof\u00e1ch z cel\u00e9ho sv\u011bta, satelitn\u00ed mapy, atd.);\r\n\r\n<\/li>\r\n<li>\u00a0\u00a0\u00a0\u00a0 podporovat spolupr\u00e1ci mezi operacemi civiln\u00ed ochrany a operacemi humanit\u00e1rn\u00ed pomoci.<\/li>\r\n<\/ul>\r\n\r\n\r\n\r\n<p>V z\u00e1jmu lep\u0161\u00edho pl\u00e1nov\u00e1n\u00ed operac\u00ed a pos\u00edlen\u00ed dostupnosti kl\u00ed\u010dov\u00fdch zdroj\u016f zavedl mechanismus civiln\u00ed ochrany Unie tzv. Evropsk\u00e9 kapacity pro odezvu na mimo\u0159\u00e1dn\u00e9 ud\u00e1losti (d\u00e1le jen &#8222;EERC&#8220;). EERC jsou slo\u017eeny z dobrovoln\u011b vy\u010dlen\u011bn\u00fdch zdroj\u016f z\u00fa\u010dastn\u011bn\u00fdch st\u00e1t\u016f a zahrnuj\u00ed moduly civiln\u00ed ochrany, celou \u0159adu specializovan\u00fdch t\u00fdm\u016f, experty pro poradn\u00ed mise, materi\u00e1l nebo z\u00e1soby pro pomoc nutnou ke zm\u00edrn\u011bn\u00ed okam\u017eit\u00fdch n\u00e1sledk\u016f katastrof (gener\u00e1tory, vodn\u00ed \u010derpadla, apod.).<\/p>\r\n\r\n\r\n\r\n<p>V sou\u010dasn\u00e9 dob\u011b jsou moduly civiln\u00ed ochrany pova\u017eov\u00e1ny za hlavn\u00ed operativn\u00ed n\u00e1stroj EERC. Jsou tvo\u0159eny ze zdroj\u016f jednoho nebo v\u00edce z\u00fa\u010dastn\u011bn\u00fdch st\u00e1t\u016f a jsou schopny prov\u00e1d\u011bt p\u0159edem definovan\u00e9 \u00fakoly v oblasti odezvy v souladu se zaveden\u00fdmi mezin\u00e1rodn\u00edmi pokyny, a tud\u00ed\u017e mohou:<\/p>\r\n\r\n\r\n\r\n<ul>\r\n<li>\u00a0\u00a0\u00a0 b\u00fdt nasazeny ve velmi kr\u00e1tk\u00e9m \u010dasov\u00e9m horizontu od p\u0159edlo\u017een\u00ed \u017e\u00e1dosti o poskytnut\u00ed pomoci prost\u0159ednictv\u00edm st\u0159ediska pro koordinaci odezvy na mimo\u0159\u00e1dn\u00e9 ud\u00e1losti (ERCC);\r\n\r\n<\/li>\r\n<li>\u00a0\u00a0\u00a0\u00a0 pracovat samostatn\u011b a nez\u00e1visle po stanoven\u00e9 obdob\u00ed.<\/li>\r\n<\/ul>\r\n\r\n\r\n\r\n<p>Z\u00e1rove\u0148 jsou tyto moduly schopny spolupracovat s jin\u00fdmi subjekty Unie nebo p\u0159\u00edpadn\u011b s mezin\u00e1rodn\u00edmi organizacemi (zejm\u00e9na s OSN).<\/p>\r\n\r\n\r\n\r\n<p>\u010cesk\u00e1 republika v sou\u010dasn\u00e9 dob\u011b nab\u00edz\u00ed prost\u0159ednictv\u00edm mechanismu civiln\u00ed ochrany Unie \u017elut\u011b zv\u00fdrazn\u011bn\u00e9 moduly:<\/p>\r\n\r\n\r\n\r\n<p><img loading=\"lazy\" decoding=\"async\" class=\"alignnone wp-image-218 size-full\" src=\"https:\/\/www.usar.cz\/wp-content\/uploads\/2023\/01\/moduly-CO-EU.jpg\" alt=\"\" width=\"961\" height=\"705\" srcset=\"https:\/\/www.usar.cz\/wp-content\/uploads\/2023\/01\/moduly-CO-EU.jpg 961w, https:\/\/www.usar.cz\/wp-content\/uploads\/2023\/01\/moduly-CO-EU-300x220.jpg 300w, https:\/\/www.usar.cz\/wp-content\/uploads\/2023\/01\/moduly-CO-EU-768x563.jpg 768w, https:\/\/www.usar.cz\/wp-content\/uploads\/2023\/01\/moduly-CO-EU-16x12.jpg 16w, https:\/\/www.usar.cz\/wp-content\/uploads\/2023\/01\/moduly-CO-EU-80x60.jpg 80w\" sizes=\"auto, (max-width: 961px) 100vw, 961px\" \/><\/p>\r\n\r\n\r\n\r\n<p><strong>1. Modul pro vysokokapacitn\u00ed od\u010derp\u00e1v\u00e1n\u00ed<\/strong> &#8211; Od\u010derp\u00e1v\u00e1 vodu ze zaplaven\u00fdch oblast\u00ed, prov\u00e1d\u00ed \u010derp\u00e1n\u00ed vody na pomoc ha\u0161en\u00ed po\u017e\u00e1r\u016f.<\/p>\r\n\r\n\r\n\r\n<p><strong>2. Modul pro \u010di\u0161t\u011bn\u00ed vody<\/strong> &#8211; Zaji\u0161\u0165uje pitnou vodu, prov\u00e1d\u00ed kontrolu kvality vody<\/p>\r\n\r\n\r\n\r\n<p><strong>3. Modul pro vyhled\u00e1v\u00e1n\u00ed a z\u00e1chrann\u00e9 pr\u00e1ce ve m\u011bstech ve st\u0159edn\u011b t\u011b\u017ek\u00fdch podm\u00ednk\u00e1ch<\/strong> &#8211; Vyhled\u00e1v\u00e1, lokalizuje a zachra\u0148uje ob\u011bti, kter\u00e9 jsou pod troskami z\u0159\u00edzen\u00fdch dom\u016f, vypro\u0161\u0165uje osoby p\u0159i dopravn\u00edch nehod\u00e1ch a poskytuje prvn\u00ed pomoc<\/p>\r\n\r\n\r\n\r\n<p><strong>4. Modul pro vyhled\u00e1v\u00e1n\u00ed a z\u00e1chrann\u00e9 pr\u00e1ce ve m\u011bstech v t\u011b\u017ek\u00fdch podm\u00ednk\u00e1ch<\/strong> &#8211; Vyhled\u00e1v\u00e1, lokalizuje a zachra\u0148uje ob\u011bti, kter\u00e9 jsou pod troskami z\u0159\u00edcen\u00fdch dom\u016f, vypro\u0161\u0165uje osoby p\u0159i dopravn\u00edch nehod\u00e1ch a poskytuje prvn\u00ed pomoc<\/p>\r\n\r\n\r\n\r\n<p><strong>5. Modul pro leteck\u00e9 ha\u0161en\u00ed lesn\u00edch po\u017e\u00e1r\u016f s pomoc\u00ed vrtuln\u00edk\u016f<\/strong> &#8211; Prov\u00e1d\u00ed ha\u0161en\u00ed ze vzduchu p\u0159i velk\u00fdch lesn\u00edch po\u017e\u00e1rech a po\u017e\u00e1rech vegetace<\/p>\r\n\r\n\r\n\r\n<p><strong>6. Modul pro leteck\u00e9 ha\u0161en\u00ed lesn\u00edch po\u017e\u00e1r\u016f s pomoc\u00ed letadel<\/strong> &#8211; Prov\u00e1d\u00ed ha\u0161en\u00ed ze vzduchu p\u0159i velk\u00fdch lesn\u00edch po\u017e\u00e1rech a po\u017e\u00e1rech vegetace<\/p>\r\n\r\n\r\n\r\n<p><strong>7. Modul p\u0159edsunut\u00e9 zdravotnick\u00e9 jednotky<\/strong> &#8211; Na m\u00edst\u011b katastrofy prov\u00e1d\u00ed t\u0159\u00edd\u011bn\u00ed pacient\u016f, stabilizuje jejich stav a p\u0159ipravuje je na p\u0159evoz do nemocnice<\/p>\r\n\r\n\r\n\r\n<p><strong>8. Modul p\u0159edsunut\u00e9 zdravotnick\u00e9 jednotky s chirurgi\u00ed<\/strong> &#8211; Na m\u00edst\u011b katastrofy prov\u00e1d\u00ed t\u0159\u00edd\u011bn\u00ed pacient\u016f, prov\u00e1d\u00ed nezbytn\u00e9 chirurgick\u00e9 z\u00e1kroky k z\u00e1chran\u011b \u017eivota, stabilizuje stav zran\u011bn\u00fdch a p\u0159ipravuje je na p\u0159evoz do nemocnice<\/p>\r\n\r\n\r\n\r\n<p><strong>9. Modul poln\u00ed nemocnice<\/strong> &#8211; Prov\u00e1d\u00ed l\u00e9ka\u0159skou p\u00e9\u010di<\/p>\r\n\r\n\r\n\r\n<p><strong>10. Modul leteck\u00e9 evakuace ob\u011bt\u00ed katastrofy<\/strong> &#8211; P\u0159epravuje zran\u011bn\u00e9 do nemocnice<\/p>\r\n\r\n\r\n\r\n<p><strong>11. Modul do\u010dasn\u00e9 nouzov\u00e9 p\u0159\u00edst\u0159e\u0161\u00ed <\/strong>&#8211; Zabezpe\u010den\u00ed p\u0159\u00edst\u0159e\u0161\u00ed a z\u00e1kladn\u00edch slu\u017eeb do doby, ne\u017e ob\u011bti p\u0159evezmou m\u00edstn\u00ed instituce \u010di humanit\u00e1rn\u00ed organizace; obsahuje stany s vyt\u00e1p\u011bn\u00edm, gener\u00e1tory elektrick\u00e9 energie, hygienick\u00e1 za\u0159\u00edzen\u00ed, dod\u00e1vku pitn\u00e9 vody, p\u0159\u00edst\u0159e\u0161\u00ed pro spole\u010densk\u00e9 aktivity<\/p>\r\n\r\n\r\n\r\n<p><strong>12. Modul chemick\u00e9, biologick\u00e9, radiologick\u00e9 a jadern\u00e9 detekce a odb\u011br vzork\u016f (CBRN)<\/strong>, (chemick\u00e9, biologick\u00e9, radia\u010dn\u00ed nebo nukle\u00e1rn\u00ed ohro\u017een\u00ed) &#8211; Zaznamen\u00e1v\u00e1 nebezpe\u010d\u00ed, vymezuje zamo\u0159en\u00e9 oblasti, prov\u00e1d\u00ed odb\u011br vzork\u016f<\/p>\r\n\r\n\r\n\r\n<p><strong>13. Modul pro vyhled\u00e1v\u00e1n\u00ed a z\u00e1chrann\u00e9 pr\u00e1ce v podm\u00ednk\u00e1ch CBRN<\/strong> &#8211; Vyhled\u00e1v\u00e1n\u00ed a z\u00e1chrann\u00e9 pr\u00e1ce za pou\u017eit\u00ed speci\u00e1ln\u00edch od\u011bv\u016f<\/p>\r\n\r\n\r\n\r\n<p><strong>14. Modul pro pozemn\u00ed ha\u0161en\u00ed lesn\u00edch po\u017e\u00e1r\u016f<\/strong> &#8211; P\u0159isp\u00edv\u00e1 k ha\u0161en\u00ed velk\u00fdch lesn\u00edch po\u017e\u00e1r\u016f a po\u017e\u00e1r\u016f porost\u016f pozemn\u00edmi prost\u0159edky<\/p>\r\n\r\n\r\n\r\n<p><strong>15. Modul pro pozemn\u00ed ha\u0161en\u00ed lesn\u00edch po\u017e\u00e1r\u016f s pomoc\u00ed vozidel<\/strong> &#8211; P\u0159isp\u00edv\u00e1 k ha\u0161en\u00ed velk\u00fdch lesn\u00edch po\u017e\u00e1r\u016f a po\u017e\u00e1r\u016f porost\u016f s pomoc\u00ed vozidel<\/p>\r\n\r\n\r\n\r\n<p><strong>16. Modul pro kontrolu \u0161\u00ed\u0159en\u00ed povodn\u00ed<\/strong> \u2013 Zpev\u0148uje st\u00e1vaj\u00edc\u00ed za\u0159\u00edzen\u00ed a buduje nov\u00e9 z\u00e1brany k prevenci z\u00e1plav z \u0159ek, vodn\u00edch n\u00e1dr\u017e\u00ed a vodn\u00edch cest se stoupaj\u00edc\u00ed hladinou<\/p>\r\n\r\n\r\n\r\n<p><strong>17. Modul pro povod\u0148ov\u00e9 z\u00e1chrann\u00e9 pr\u00e1ce s pomoc\u00ed \u010dlun\u016f<\/strong> \u2013 Prov\u00e1d\u00ed p\u00e1tr\u00e1n\u00ed a z\u00e1chrann\u00e9 z\u00e1sahy ve vod\u011b a pom\u00e1h\u00e1 osob\u00e1m uv\u00e1zl\u00fdm v zaplaven\u00fdch oblastech s pomoc\u00ed \u010dlun\u016f. Poskytuje pomoc nutnou pro z\u00e1chranu \u017eivota a podle pot\u0159eby zaji\u0161\u0165uje pokryt\u00ed z\u00e1kladn\u00edch pot\u0159eb.\u00a0<\/p>\r\n\r\n\r\n\r\n<p><strong>18. Zdravotnick\u00fd z\u00e1chrann\u00fd t\u00fdm (EMT) typ 1 (stacion\u00e1rn\u00ed)<\/strong>: ambulantn\u00ed neodkladn\u00e1 p\u00e9\u010de &#8211; T\u0159\u00edd\u011bn\u00ed, posuzov\u00e1n\u00ed, prvn\u00ed pomoc, stabilizace a p\u0159esm\u011brov\u00e1n\u00ed v\u00e1\u017en\u00fdch urgentn\u00edch p\u0159\u00edpad\u016f, definitivn\u00ed p\u00e9\u010de u m\u00e9n\u011b z\u00e1va\u017en\u00fdch urgentn\u00edch p\u0159\u00edpad\u016f (traumatick\u00fdch i netraumatick\u00fdch)<\/p>\r\n\r\n\r\n\r\n<p><strong>19. Zdravotnick\u00fd z\u00e1chrann\u00fd t\u00fdm (EMT) typ 1 (mobiln\u00ed)<\/strong>: ambulantn\u00ed neodkladn\u00e1 p\u00e9\u010de &#8211; T\u0159\u00edd\u011bn\u00ed, posuzov\u00e1n\u00ed, prvn\u00ed pomoc, stabilizace a p\u0159esm\u011brov\u00e1n\u00ed v\u00e1\u017en\u00fdch urgentn\u00edch p\u0159\u00edpad\u016f, definitivn\u00ed p\u00e9\u010de u m\u00e9n\u011b z\u00e1va\u017en\u00fdch urgentn\u00edch p\u0159\u00edpad\u016f (traumatick\u00fdch i netraumatick\u00fdch)<\/p>\r\n\r\n\r\n\r\n<p><strong>20. Zdravotnick\u00fd z\u00e1chrann\u00fd t\u00fdm (EMT) typ 2:<\/strong> nemocni\u010dn\u00ed neodkladn\u00e1 chirurgick\u00e1 p\u00e9\u010de &#8211; Akutn\u00ed nemocni\u010dn\u00ed p\u00e9\u010de, v\u0161eobecn\u00e1 a porodnick\u00e1 chirurgie v p\u0159\u00edpad\u011b traumat a jin\u00fdch v\u00e1\u017en\u00fdch onemocn\u011bn\u00ed<\/p>\r\n\r\n\r\n\r\n<p><strong>21. Zdravotnick\u00fd z\u00e1chrann\u00fd t\u00fdm (EMT) typ 3:<\/strong> nemocni\u010dn\u00ed p\u00e9\u010de o p\u0159esm\u011brovan\u00e9 pacienty &#8211; Komplexn\u00ed nemocni\u010dn\u00ed chirurgick\u00e1 p\u00e9\u010de o p\u0159esm\u011brovan\u00e9 pacienty v\u010detn\u011b kapacity pro intenzivn\u00ed p\u00e9\u010de<\/p>\r\n<p style=\"text-align: center;\"><img loading=\"lazy\" decoding=\"async\" class=\"alignnone size-mh-magazine-lite-content wp-image-1026\" src=\"https:\/\/www.usar.cz\/wp-content\/uploads\/2023\/08\/EUCPM-678x381.jpg\" alt=\"\" width=\"678\" height=\"381\" srcset=\"https:\/\/www.usar.cz\/wp-content\/uploads\/2023\/08\/EUCPM-678x381.jpg 678w, https:\/\/www.usar.cz\/wp-content\/uploads\/2023\/08\/EUCPM-300x169.jpg 300w, https:\/\/www.usar.cz\/wp-content\/uploads\/2023\/08\/EUCPM-1024x576.jpg 1024w, https:\/\/www.usar.cz\/wp-content\/uploads\/2023\/08\/EUCPM-768x432.jpg 768w, https:\/\/www.usar.cz\/wp-content\/uploads\/2023\/08\/EUCPM.jpg 1200w\" sizes=\"auto, (max-width: 678px) 100vw, 678px\" \/><\/p>\r\n\r\n\r\n\r\n<p>Odkazy<\/p>\r\n\r\n\r\n\r\n<p><a href=\"https:\/\/www.usar.cz\/wp-content\/uploads\/2023\/01\/2019_03_20-Rozhodnuti-Evropskeho-parlamentu.pdf\">[Rozhodnut\u00ed Evropsk\u00e9ho Parlamentu 2019_03_20]<\/a><\/p>\r\n\r\n\r\n\r\n<p><a href=\"https:\/\/www.usar.cz\/wp-content\/uploads\/2023\/01\/2014_11_06-Provadeci-rozhodnuti-Komise.pdf\">[Prov\u00e1d\u011bc\u00ed pravidla k mechanismu civiln\u00ed ochrany Unie 2014_11_06]<\/a><\/p>\r\n\r\n\r\n\r\n<p><a href=\"https:\/\/www.usar.cz\/wp-content\/uploads\/2023\/01\/2018_01_30-Provadeci-rozhodnuti-Komise.pdf\">[Prov\u00e1d\u011bc\u00ed pravidla k Rozhodnut\u00ed Evropsk\u00e9ho Parlamentu 2018_01_30]<\/a><\/p>\r\n","protected":false},"excerpt":{"rendered":"<div class=\"mh-excerpt\"><p>Rozhodnut\u00ed Evropsk\u00e9ho parlamentu a Rady \u010d. 1313\/2013\/EU o mechanismu civiln\u00ed ochrany Unie je st\u011b\u017eejn\u00edm dokumentem EU v oblasti civiln\u00ed ochrany. Tento legislativn\u00ed n\u00e1stroj umo\u017e\u0148uje u\u017e\u0161\u00ed <a class=\"mh-excerpt-more\" href=\"https:\/\/www.usar.cz\/en\/mechanismus-co-unie\/\" title=\"Mechanismus CO Unie\">[&#8230;]<\/a><\/p>\n<\/div>","protected":false},"author":3,"featured_media":1026,"parent":0,"menu_order":8,"comment_status":"closed","ping_status":"closed","template":"","meta":{"_monsterinsights_skip_tracking":false,"_monsterinsights_sitenote_active":false,"_monsterinsights_sitenote_note":"","_monsterinsights_sitenote_category":0,"footnotes":""},"class_list":["post-23","page","type-page","status-publish","has-post-thumbnail","hentry"],"_links":{"self":[{"href":"https:\/\/www.usar.cz\/en\/wp-json\/wp\/v2\/pages\/23","targetHints":{"allow":["GET"]}}],"collection":[{"href":"https:\/\/www.usar.cz\/en\/wp-json\/wp\/v2\/pages"}],"about":[{"href":"https:\/\/www.usar.cz\/en\/wp-json\/wp\/v2\/types\/page"}],"author":[{"embeddable":true,"href":"https:\/\/www.usar.cz\/en\/wp-json\/wp\/v2\/users\/3"}],"replies":[{"embeddable":true,"href":"https:\/\/www.usar.cz\/en\/wp-json\/wp\/v2\/comments?post=23"}],"version-history":[{"count":7,"href":"https:\/\/www.usar.cz\/en\/wp-json\/wp\/v2\/pages\/23\/revisions"}],"predecessor-version":[{"id":1299,"href":"https:\/\/www.usar.cz\/en\/wp-json\/wp\/v2\/pages\/23\/revisions\/1299"}],"wp:featuredmedia":[{"embeddable":true,"href":"https:\/\/www.usar.cz\/en\/wp-json\/wp\/v2\/media\/1026"}],"wp:attachment":[{"href":"https:\/\/www.usar.cz\/en\/wp-json\/wp\/v2\/media?parent=23"}],"curies":[{"name":"wp","href":"https:\/\/api.w.org\/{rel}","templated":true}]}}