{"id":260,"date":"2023-02-22T13:34:47","date_gmt":"2023-02-22T12:34:47","guid":{"rendered":"https:\/\/www.usar.cz\/?page_id=260"},"modified":"2023-02-22T13:43:21","modified_gmt":"2023-02-22T12:43:21","slug":"gdacs","status":"publish","type":"page","link":"https:\/\/www.usar.cz\/en\/gdacs\/","title":{"rendered":"GDACS"},"content":{"rendered":"<p><strong>Global Disaster Alert and Coordination System<\/strong><br \/>\n<strong>Glob\u00e1ln\u00ed syst\u00e9m varov\u00e1n\u00ed p\u0159ed katastrofami a koordina\u010dn\u00ed syst\u00e9m<\/strong><\/p>\n<p><a href=\"https:\/\/www.gdacs.org\/\">GDACS<\/a> je internetov\u00fd syst\u00e9m, kter\u00fd kombinuje ji\u017e existuj\u00edc\u00ed internetov\u00e9 informa\u010dn\u00ed syst\u00e9my o katastrof\u00e1ch. C\u00edlem GDACS je varovat mezin\u00e1rodn\u00ed zainteresovan\u00e9 subjekty p\u0159ed katastrofou. Syst\u00e9m GDACS m\u00e1 za \u00fakol usnadnit koordinaci mezin\u00e1rodn\u00edch reakc\u00ed b\u011bhem pomocn\u00e9 f\u00e1ze p\u0159i a t\u011bsn\u011b po katastrof\u011b. Syst\u00e9m GDACS poskytuje v re\u00e1ln\u00e9m \u010dase varovn\u00e1 hl\u00e1\u0161en\u00ed o \u017eiveln\u00fdch pohrom\u00e1ch z cel\u00e9ho sv\u011bta a n\u00e1stroje usnad\u0148uj\u00edc\u00ed koordinaci, v\u010detn\u011b medi\u00e1ln\u00edho monitorov\u00e1n\u00ed, mapov\u00fdch katalog\u016f a virtu\u00e1ln\u00ed centrum v m\u00edst\u011b opera\u010dn\u00ed koordinace.<\/p>\n<p>Informa\u010dn\u00ed syst\u00e9m GDACS byl z\u0159\u00edzen v roce 2004 pod <a href=\"https:\/\/www.unocha.org\/\">UN-OCHA<\/a> (United Nations Office for the Coordination of Humanitarian Affairs &#8211; OSN \u00da\u0159ad pro koordinaci humanit\u00e1rn\u00edch z\u00e1le\u017eitost\u00ed) a je podporov\u00e1n <a href=\"https:\/\/commission.europa.eu\/about-european-commission\/departments-and-executive-agencies\/european-civil-protection-and-humanitarian-aid-operations_en\">ECHO<\/a> (Humanitarian Aid Department of the European Commission &#8211; Odbor humanit\u00e1rn\u00ed pomoci Evropsk\u00e9 komise).<\/p>\n<p><strong>GDACS JE SLO\u017dEN\u00dd Z N\u00c1SLEDUJ\u00cdC\u00cdCH ELEMENT\u016e:<\/strong><\/p>\n<ul>\n<li><strong>soubor standard\u016f<\/strong> k zabezpe\u010den\u00ed sou\u010dinnosti mezi existuj\u00edc\u00edmi varovac\u00edmi koordina\u010dn\u00edmi syst\u00e9my.<\/li>\n<li><strong>soubor pracovn\u00edch procedur<\/strong> pro zabezpe\u010den\u00ed schopnosti tvorby informac\u00ed a jejich v\u00fdm\u011bna v pr\u016fb\u011bhu \u0159e\u0161en\u00ed katastrofy.<\/li>\n<li><strong>poskytovatel informac\u00ed<\/strong>, kter\u00fd je schopn\u00fd poskytovat informace souvisej\u00edc\u00ed s katastrofou podle standard\u016f a pracovn\u00edch procedur<\/li>\n<\/ul>\n<p><strong>C\u00cdL<\/strong><br \/>\nC\u00edlem GDACS je prov\u00e1d\u011bn\u00ed propojen\u00ed mezi mezin\u00e1rodn\u00edmi subjekty poskytuj\u00edc\u00edmi informace o dan\u00fdch katastrof\u00e1ch a zaji\u0161t\u011bn\u00ed platformy tak, aby varov\u00e1n\u00ed a informace t\u00fdkaj\u00edc\u00ed se mezin\u00e1rodn\u00ed reakce na katastrofu byly vym\u011b\u0148ov\u00e1ny a poskytov\u00e1ny mezi v\u0161emi subjekty, kter\u00fdch se to t\u00fdk\u00e1.<\/p>\n<p><strong>ROZSAH<\/strong><br \/>\nGDACS bude aktivov\u00e1n p\u0159i v\u011bt\u0161\u00edch p\u0159\u00edrodn\u00edch, technologick\u00fdch a ekologick\u00fdch katastrof\u00e1ch, kter\u00e9 p\u0159esahuj\u00ed mo\u017enosti posti\u017een\u00e9ho st\u00e1tu a bude vy\u017eadov\u00e1na mezin\u00e1rodn\u00ed pomoc.<br \/>\nGDACS bude aktivn\u00ed od okam\u017eiku, kdy bude katastrofa p\u0159edpov\u011bd\u011bna nebo ji\u017e nastala a\u017e do okam\u017eiku kone\u010dn\u00e9 pomocn\u00e9 f\u00e1ze. Pomocn\u00e1 f\u00e1ze bude ukon\u010dena v okam\u017eiku, kdy ji\u017e nebude t\u0159eba \u0159e\u0161it dal\u0161\u00ed po\u017eadavky v\u00fdm\u011bny informac\u00ed ze strany odpov\u00eddaj\u00edc\u00edch organizac\u00ed nebude t\u0159eba koordinovat jejich aktivity a mezin\u00e1rodn\u00ed pomoc bude p\u0159esunuta na rehabilitaci a rekonstrukce. Trv\u00e1n\u00ed pomocn\u00e9 f\u00e1ze je z\u00e1visl\u00e9 na rozs\u00e1hlosti katastrofy, p\u0159edpokl\u00e1d\u00e1 se doba mezi t\u0159emi a\u017e \u010dty\u0159mi t\u00fddny po katastrof\u011b. GDACS nem\u00e1 za \u00fakol v\u010dasn\u00e9 varov\u00e1n\u00ed a rehabilitace\/rekonstrukce.<\/p>\n<p><strong>U\u017dIVATEL\u00c9 A POSKYTOVATEL\u00c9 INFORMAC\u00cd<\/strong><br \/>\nP\u0159\u00edstup k GDACS varovac\u00ed-oznamovac\u00ed a interaktivn\u00ed sou\u010d\u00e1sti (nap\u0159. virtual OSOCC) jsou vyhrazen\u00e9 (chr\u00e1n\u011bn\u00e9 heslem). Nav\u00edc GDACS bude p\u0159\u00edstupn\u00fd k v\u00fdzkumn\u00e9 skupin\u011b, kter\u00e1 bude analyzovat kalamitn\u00ed dopady a aktivity za \u00fa\u010delem zlep\u0161en\u00ed mezin\u00e1rodn\u00edch koncept\u016f katastrof.<br \/>\nZem\u011b, kter\u00e9 maj\u00ed sklony ke katastrof\u00e1m by m\u011bly b\u00fdt prim\u00e1rn\u00edmi poskytovateli informac\u00ed pro GDACS. Toto vy\u017eaduje aby byla tato katastrofick\u00e1 m\u00edsta-zem\u011b p\u0159\u00edmo stanoveny a byla zaji\u0161t\u011bna jejich p\u0159ipravenost na v\u011bt\u0161\u00ed katastrofy, d\u016fle\u017eit\u00e9 informace budou pak spolehliv\u011b a v\u010dasn\u011b poskytnuty mezin\u00e1rodn\u00edmu spole\u010denstv\u00ed podle definovan\u00fdch GDACS standard\u016f a metod.<\/p>\n<p><strong>AKTIVACE GDACS<\/strong><br \/>\nVarov\u00e1n\u00ed p\u0159ed katastrofami jsou spou\u0161t\u011bna bu\u010f automaticky (po monitorov\u00e1n\u00ed) nebo prost\u0159ednictv\u00edm virtual OSOCC n\u011bjak\u00fdm registrovan\u00fdm u\u017eivatelem, kter\u00fd zaznamen\u00e1 v\u00fdznamn\u011bj\u0161\u00ed katastrofu.<\/p>\n<p>Hlavn\u00ed informace o katastrof\u00e1ch jsou zalo\u017eeny na virtual OSOCC, pokud je katastrofa v\u00fdznamn\u00e1 pro mezin\u00e1rodn\u00ed subjekty a z\u016fst\u00e1v\u00e1 aktivn\u00ed dokud neskon\u010d\u00ed pomocn\u00e1 f\u00e1ze.<\/p>\n<p><strong>GDACS &#8211; SPU\u0160T\u011aN\u00cd VAROVN\u00c9HO SYST\u00c9MU:<\/strong><\/p>\n<p>\u00darove\u0148 1:<\/p>\n<p>Varov\u00e1n\u00ed p\u0159ed katastrofou je zasl\u00e1no z\u00e1jemc\u016fm v p\u0159\u00edpad\u011b<\/p>\n<ul>\n<li>automatick\u00e9ho zaznamen\u00e1n\u00ed katastrofy syst\u00e9mem ASGARD<\/li>\n<li>registrovan\u00fd u\u017eivatel spust\u00ed v\u00fdstrahu p\u0159ed katastrofou na virtual OSOCC<\/li>\n<li>ReliefWeb je aktivov\u00e1n (po prvn\u00edm hl\u00e1\u0161en\u00ed o situaci bu\u010f OCHA nebo IFRC)<\/li>\n<li>AlertNet je spu\u0161t\u011bn na z\u00e1klad\u011b vnit\u0159n\u00edho vyhodnocen\u00ed ud\u00e1losti<\/li>\n<\/ul>\n<p>\u00darove\u0148 2:<\/p>\n<p>Varov\u00e1n\u00ed p\u0159ed katastrofou je zasl\u00e1no z\u00e1jemc\u016fm pouze na z\u00e1klad\u011b \u00farovn\u011b 1 a bude potvrzeno GDACS Monitors. Toto je zaji\u0161t\u011bno tak aby z\u00e1jemci obdr\u017eeli pouze informace o katastrof\u011b, kter\u00e1 byla analyzov\u00e1na experty a ozna\u010dena za v\u00fdznamnou a kde je po\u017eadov\u00e1na mezin\u00e1rodn\u00ed pomoc.<\/p>\n<p><strong>GDACS SLU\u017dBY<\/strong><\/p>\n<p><strong>PO\u010c\u00c1TE\u010cN\u00cd VAROV\u00c1N\u00cd P\u0158ED KATASTROFOU<\/strong><br \/>\nIhned po v\u00fdskytu katastrofy jsou zaregistrovan\u00ed u\u017eivatel\u00e9 automaticky informov\u00e1ni z ASGARD a obdr\u017e\u00ed p\u0159edb\u011b\u017enou informaci o katastrof\u011b, elektronicky vypo\u010d\u00edtanou ztr\u00e1tou a odhadem.<\/p>\n<p><strong>VAROV\u00c1N\u00cd ZAINTERESOVAN\u00ddCH SUBJEKT\u016e P\u0158ED MEZIN\u00c1RODN\u00cd KATASTROFOU<\/strong><br \/>\nNa z\u00e1klad\u011b ozn\u00e1men\u00ed o katastrof\u011b se virtual OSOCC rozhodne (VOM) zda budou kontaktovat posti\u017eenou zemi a dal\u0161\u00ed v\u00fdznamn\u00e9 zdroje za \u00fa\u010delem z\u00edsk\u00e1n\u00ed v\u00edce informac\u00ed o katastrof\u011b. V\u00fdsledky z\u00edskan\u00fdch informac\u00ed jsou zve\u0159ejn\u011bny na virtual OSOCC. V p\u0159\u00edpad\u011b \u017e\u00e1dosti o mezin\u00e1rodn\u00ed pomoc nebo pokud posti\u017een\u00e1 vypad\u00e1, \u017ee bude vy\u017eadovat mezin\u00e1rodn\u00ed pomoc, VOM spust\u00ed varov\u00e1n\u00ed \u00farovn\u011b 2 v\u0161ech zaregistrovan\u00fdch u\u017eivatel\u016f.<\/p>\n<p><strong>KOORDINACE DAL\u0160\u00cdCH AKTIVIT<\/strong><br \/>\nP\u0159i v\u00fdznamn\u011bj\u0161\u00edch katastrof\u00e1ch, vytv\u00e1\u0159\u00ed VOM odd\u011blenou diskusn\u00ed skupinu na virtual OSOCC kontaktuje koordin\u00e1tory katastrofy v posti\u017een\u00e9 zemi a d\u00e1le aktualizuje informace souvisej\u00edc\u00ed se zvl\u00e1d\u00e1n\u00edm katastrofy. Informace je uspo\u0159\u00e1d\u00e1na v sektorech (priorita pot\u0159ebnosti, logistika, \u00fakryty, j\u00eddlo, voda\/zdravotnick\u00e9 za\u0159\u00edzen\u00ed, atd.), co\u017e usnad\u0148uje \u0159\u00edzen\u00ed informac\u00ed. VOM usnad\u0148uje diskuze na virtual OSOCC a pravideln\u011b shrnuje sektor informac\u00ed k tomu, aby udr\u017eoval aktualizovan\u00fd informa\u010dn\u00ed celkov\u00fd p\u0159ehled. Nav\u00edc, VOM sleduje dotazy od kter\u00e9hokoliv registrovan\u00e9ho u\u017eivatele na virtual OSOCC.<\/p>\n<p><strong>OBSTAR\u00c1N\u00cd DRU\u017dICOV\u00ddCH SN\u00cdMK\u016e A MAP<\/strong><br \/>\nUNOSAT poskytuje p\u0159izp\u016fsoben\u00e9 dru\u017eicov\u00e9 sn\u00edmky a mapy, kter\u00e9 mohou b\u00fdt po\u017eadov\u00e1ny registrovan\u00fdmi u\u017eivateli virtual OSOCC nebo p\u0159\u00edmo z UNOSAT.<\/p>\n<p><strong>INTEGRACE SOUVISEJ\u00cdC\u00cdCH INFORMA\u010cN\u00cdCH SYST\u00c9M\u016e \u0158\u00cdZEN\u00cd<\/strong><br \/>\nK uveden\u00fdm varovn\u00fdm syst\u00e9m\u016fm hl\u00e1\u0161en\u00ed GDACS integruje dal\u0161\u00ed souvisej\u00edc\u00ed informa\u010dn\u00ed syst\u00e9my katastrof. Tyto syst\u00e9my zahrnuj\u00ed:<\/p>\n<ul>\n<li>ReliefWeb zpr\u00e1vy a mapy<\/li>\n<li>Novinky (nap\u0159\u00edklad AlertNet, EMM, Yahoo)<\/li>\n<li>Str\u00e1nky varovac\u00edch syst\u00e9m\u016f katastrof (HEWSWeb)<\/li>\n<\/ul>","protected":false},"excerpt":{"rendered":"<div class=\"mh-excerpt\"><p>Global Disaster Alert and Coordination System Glob\u00e1ln\u00ed syst\u00e9m varov\u00e1n\u00ed p\u0159ed katastrofami a koordina\u010dn\u00ed syst\u00e9m GDACS je internetov\u00fd syst\u00e9m, kter\u00fd kombinuje ji\u017e existuj\u00edc\u00ed internetov\u00e9 informa\u010dn\u00ed syst\u00e9my <a class=\"mh-excerpt-more\" href=\"https:\/\/www.usar.cz\/en\/gdacs\/\" title=\"GDACS\">[&#8230;]<\/a><\/p>\n<\/div>","protected":false},"author":3,"featured_media":261,"parent":0,"menu_order":13,"comment_status":"closed","ping_status":"closed","template":"","meta":{"_monsterinsights_skip_tracking":false,"_monsterinsights_sitenote_active":false,"_monsterinsights_sitenote_note":"","_monsterinsights_sitenote_category":0,"footnotes":""},"class_list":["post-260","page","type-page","status-publish","has-post-thumbnail","hentry"],"_links":{"self":[{"href":"https:\/\/www.usar.cz\/en\/wp-json\/wp\/v2\/pages\/260","targetHints":{"allow":["GET"]}}],"collection":[{"href":"https:\/\/www.usar.cz\/en\/wp-json\/wp\/v2\/pages"}],"about":[{"href":"https:\/\/www.usar.cz\/en\/wp-json\/wp\/v2\/types\/page"}],"author":[{"embeddable":true,"href":"https:\/\/www.usar.cz\/en\/wp-json\/wp\/v2\/users\/3"}],"replies":[{"embeddable":true,"href":"https:\/\/www.usar.cz\/en\/wp-json\/wp\/v2\/comments?post=260"}],"version-history":[{"count":2,"href":"https:\/\/www.usar.cz\/en\/wp-json\/wp\/v2\/pages\/260\/revisions"}],"predecessor-version":[{"id":263,"href":"https:\/\/www.usar.cz\/en\/wp-json\/wp\/v2\/pages\/260\/revisions\/263"}],"wp:featuredmedia":[{"embeddable":true,"href":"https:\/\/www.usar.cz\/en\/wp-json\/wp\/v2\/media\/261"}],"wp:attachment":[{"href":"https:\/\/www.usar.cz\/en\/wp-json\/wp\/v2\/media?parent=260"}],"curies":[{"name":"wp","href":"https:\/\/api.w.org\/{rel}","templated":true}]}}