{"id":264,"date":"2023-02-22T13:43:13","date_gmt":"2023-02-22T12:43:13","guid":{"rendered":"https:\/\/www.usar.cz\/?page_id=264"},"modified":"2023-08-09T13:47:09","modified_gmt":"2023-08-09T11:47:09","slug":"souvisejici-predpisy","status":"publish","type":"page","link":"https:\/\/www.usar.cz\/en\/souvisejici-predpisy\/","title":{"rendered":"Related Regulations"},"content":{"rendered":"<ul>\n<li><span style=\"color: #800080;\"><em>Z\u00e1kon \u010d.151\/2010 Sb., o zahrani\u010dn\u00ed rozvojov\u00e9 spolupr\u00e1ci a humanit\u00e1rn\u00ed pomoci poskytovan\u00e9 do zahrani\u010d\u00ed <\/em><\/span>a o zm\u011bn\u011b souvisej\u00edc\u00edch z\u00e1kon\u016f.<\/li>\n<li><span style=\"color: #800080;\"><em>Z\u00e1kon \u010d. 133\/1985 Sb., o po\u017e\u00e1rn\u00ed ochran\u011b<\/em><\/span>, ve zn\u011bn\u00ed pozd\u011bj\u0161\u00edch p\u0159edpis\u016f.<\/li>\n<li><span style=\"color: #800080;\"><em>Z\u00e1kon \u010d. 239\/2000 Sb., o integrovan\u00e9m z\u00e1chrann\u00e9m syst\u00e9mu<\/em><\/span> a o zm\u011bn\u011b n\u011bkter\u00fdch z\u00e1kon\u016f, ve zn\u011bn\u00ed pozd\u011bj\u0161\u00edch p\u0159edpis\u016f.<\/li>\n<li><span style=\"color: #800080;\"><em>Z\u00e1kon \u010d. 320\/2015 Sb., o Hasi\u010dsk\u00e9m z\u00e1chrann\u00e9m sboru \u010cesk\u00e9 republiky<\/em><\/span> a o zm\u011bn\u011b n\u011bkter\u00fdch z\u00e1kon\u016f<\/li>\n<li><span style=\"color: #800080;\"><em>Z\u00e1kon \u010d. 361\/2003 Sb., o slu\u017eebn\u00edm pom\u011bru p\u0159\u00edslu\u0161n\u00edk\u016f bezpe\u010dnostn\u00edch sbor\u016f<\/em><\/span>, ve zn\u011bn\u00ed pozd\u011bj\u0161\u00edch p\u0159edpis\u016f<\/li>\n<li><span style=\"color: #800080;\"><em>Na\u0159\u00edzen\u00edm vl\u00e1dy \u010d. 463\/2000 Sb., o stanoven\u00ed pravidel zapojov\u00e1n\u00ed do mezin\u00e1rodn\u00edch z\u00e1chrann\u00fdch operac\u00ed, poskytov\u00e1n\u00ed a p\u0159ij\u00edm\u00e1n\u00ed humanit\u00e1rn\u00ed pomoci a n\u00e1hrad v\u00fddaj\u016f vynakl\u00e1dan\u00fdch pr\u00e1vnick\u00fdmi osobami a podnikaj\u00edc\u00edmi fyzick\u00fdmi osobami na ochranu obyvatelstva<\/em><\/span>.<\/li>\n<li><span style=\"color: #800080;\"><em>Na\u0159\u00edzen\u00ed vl\u00e1dy \u010d. 527\/2002 Sb.<\/em><\/span>, kter\u00fdm se m\u011bn\u00ed na\u0159\u00edzen\u00ed vl\u00e1dy \u010d. 463\/2000 Sb. , <span style=\"color: #800080;\"><em>o stanoven\u00ed pravidel zapojov\u00e1n\u00ed do mezin\u00e1rodn\u00edch z\u00e1chrann\u00fdch operac\u00ed, poskytov\u00e1n\u00ed a p\u0159ij\u00edm\u00e1n\u00ed humanit\u00e1rn\u00ed pomoci a n\u00e1hrad v\u00fddaj\u016f vynakl\u00e1dan\u00fdch pr\u00e1vnick\u00fdmi osobami a podnikaj\u00edc\u00edmi fyzick\u00fdmi osobami na ochranu obyvatelstva<\/em><\/span>.<\/li>\n<li><span style=\"color: #800080;\"><em>Na\u0159\u00edzen\u00ed vl\u00e1dy \u010d. 352\/2003 Sb., o posuzov\u00e1n\u00ed zdravotn\u00ed zp\u016fsobilosti zam\u011bstnanc\u016f jednotek hasi\u010dsk\u00fdch z\u00e1chrann\u00fdch sbor\u016f podnik\u016f a \u010dlen\u016f jednotek sbor\u016f dobrovoln\u00fdch hasi\u010d\u016f obc\u00ed nebo podnik\u016f<\/em><\/span>.<\/li>\n<li><span style=\"color: #800080;\"><em>Usnesen\u00ed vl\u00e1dy \u010cR \u010d. 458 ze dne 9. kv\u011btna 2001, k\u00a0n\u00e1vrhu zapojen\u00ed \u010cesk\u00e9 republiky do m\u00edrov\u00fdch a z\u00e1chrann\u00fdch operac\u00ed a humanit\u00e1rn\u00ed pomoci<\/em><\/span>.<\/li>\n<li><span style=\"color: #800080;\"><em>Rezoluce Valn\u00e9ho shrom\u00e1\u017ed\u011bn\u00ed OSN \u010d. 57\/150 ze dne 16. prosince 2002, o pos\u00edlen\u00ed efektivity a o koordinaci pomoci p\u0159i mezin\u00e1rodn\u00edch vyhled\u00e1vac\u00edch a z\u00e1chrann\u00fdch operac\u00edch<\/em><\/span> (Metodika INSARAG).<\/li>\n<li>\n<div align=\"left\"><em>Pokyn gener\u00e1ln\u00edho \u0159editele Hasi\u010dsk\u00e9ho z\u00e1chrann\u00e9ho sboru \u010cR a n\u00e1m\u011bstka ministra vnitra \u010d. 45 ze dne 9.10.2003, kter\u00fdm se stanov\u00ed z\u00e1sady pro vytv\u00e1\u0159en\u00ed od\u0159ad\u016f HZS \u010cR pro poskytov\u00e1n\u00ed pomoci mezi kraji v\u00a0r\u00e1mci \u010cesk\u00e9 republiky a p\u0159i zapojen\u00ed \u010cesk\u00e9 republiky do mezin\u00e1rodn\u00edch z\u00e1chrann\u00fdch operac\u00ed ve zn\u011bn\u00ed pokynu gener\u00e1ln\u00edho \u0159editele Hasi\u010dsk\u00e9ho z\u00e1chrann\u00e9ho sboru \u010cR a n\u00e1m\u011bstka ministra vnitra \u010d. 7 ze dne 2.2.2004.<\/em><\/div>\n<\/li>\n<li>Pokyn gener\u00e1ln\u00edho \u0159editele Hasi\u010dsk\u00e9ho z\u00e1chrann\u00e9ho sboru \u010cR a n\u00e1m\u011bstka ministra vnitra \u010d. 48 ze dne\u00a031.10.2003, kter\u00fdm se stanov\u00ed kvalifika\u010dn\u00ed po\u017eadavky na psovoda se psem p\u0159edur\u010den\u00e9ho k\u00a0nasazen\u00ed v\u00a0r\u00e1mci z\u00e1chrann\u00fdch prac\u00ed<\/li>\n<li>Pokyn gener\u00e1ln\u00edho \u0159editele Hasi\u010dsk\u00e9ho z\u00e1chrann\u00e9ho sboru \u010cR \u010d. 13 ze dne 7. b\u0159ezna 2016, kter\u00fdm se stanov\u00ed z\u00e1sady pro vytv\u00e1\u0159en\u00ed jednotek HZS C\u0158 p\u0159i poskytov\u00e1n\u00ed pomoci v r\u00e1mci \u010c a p\u0159i zapojen\u00ed \u010cR do mezin\u00e1rodn\u00edch z\u00e1chrann\u00fdch operac\u00ed<\/li>\n<\/ul>","protected":false},"excerpt":{"rendered":"<div class=\"mh-excerpt\"><p>Z\u00e1kon \u010d.151\/2010 Sb., o zahrani\u010dn\u00ed rozvojov\u00e9 spolupr\u00e1ci a humanit\u00e1rn\u00ed pomoci poskytovan\u00e9 do zahrani\u010d\u00ed a o zm\u011bn\u011b souvisej\u00edc\u00edch z\u00e1kon\u016f. Z\u00e1kon \u010d. 133\/1985 Sb., o po\u017e\u00e1rn\u00ed ochran\u011b, <a class=\"mh-excerpt-more\" href=\"https:\/\/www.usar.cz\/en\/souvisejici-predpisy\/\" title=\"Souvisej\u00edc\u00ed p\u0159edpisy\">[&#8230;]<\/a><\/p>\n<\/div>","protected":false},"author":3,"featured_media":0,"parent":0,"menu_order":14,"comment_status":"closed","ping_status":"closed","template":"","meta":{"_monsterinsights_skip_tracking":false,"_monsterinsights_sitenote_active":false,"_monsterinsights_sitenote_note":"","_monsterinsights_sitenote_category":0,"footnotes":""},"class_list":["post-264","page","type-page","status-publish","hentry"],"_links":{"self":[{"href":"https:\/\/www.usar.cz\/en\/wp-json\/wp\/v2\/pages\/264","targetHints":{"allow":["GET"]}}],"collection":[{"href":"https:\/\/www.usar.cz\/en\/wp-json\/wp\/v2\/pages"}],"about":[{"href":"https:\/\/www.usar.cz\/en\/wp-json\/wp\/v2\/types\/page"}],"author":[{"embeddable":true,"href":"https:\/\/www.usar.cz\/en\/wp-json\/wp\/v2\/users\/3"}],"replies":[{"embeddable":true,"href":"https:\/\/www.usar.cz\/en\/wp-json\/wp\/v2\/comments?post=264"}],"version-history":[{"count":3,"href":"https:\/\/www.usar.cz\/en\/wp-json\/wp\/v2\/pages\/264\/revisions"}],"predecessor-version":[{"id":1167,"href":"https:\/\/www.usar.cz\/en\/wp-json\/wp\/v2\/pages\/264\/revisions\/1167"}],"wp:attachment":[{"href":"https:\/\/www.usar.cz\/en\/wp-json\/wp\/v2\/media?parent=264"}],"curies":[{"name":"wp","href":"https:\/\/api.w.org\/{rel}","templated":true}]}}