{"id":266,"date":"2023-05-23T11:17:50","date_gmt":"2023-05-23T09:17:50","guid":{"rendered":"https:\/\/www.usar.cz\/?page_id=266"},"modified":"2023-08-16T10:49:28","modified_gmt":"2023-08-16T08:49:28","slug":"odkazy","status":"publish","type":"page","link":"https:\/\/www.usar.cz\/en\/odkazy\/","title":{"rendered":"Links"},"content":{"rendered":"<p><strong>ODKAZY NA INTERNETOV\u00c9 STR\u00c1NKY T\u00ddKAJ\u00cdC\u00cd SE JEDNOTEK A Z\u00c1CHRAN\u00c1\u0158\u016e V \u010cR<\/strong><br \/>\nOfici\u00e1ln\u00ed internetov\u00e9 str\u00e1nky Hasi\u010dsk\u00e9ho z\u00e1chrann\u00e9ho sboru \u010cR<br \/>\n[<a href=\"https:\/\/www.hzscr.cz\/\">Hasi\u010dsk\u00fd z\u00e1chrann\u00fd sbor \u010cesk\u00e9 republiky (hzscr.cz)<\/a>]<\/p>\n<p>Ofici\u00e1ln\u00ed Facebookov\u00e9 str\u00e1nky Hasi\u010dsk\u00e9ho z\u00e1chrann\u00e9ho sboru \u010cR<br \/>\n[<a href=\"https:\/\/www.facebook.com\/hasicskyzachrannysborcr\">Hasi\u010dsk\u00fd z\u00e1chrann\u00fd sbor \u010cR | Prague | Facebook<\/a>]<\/p>\n<p>Internetov\u00e9 str\u00e1nky HZS hl. m. Prahy<br \/>\n[<a href=\"https:\/\/www.hzscr.cz\/hzs-hlavniho-mesta-prahy.aspx\">HZS hlavn\u00edho m\u011bsta Prahy &#8211; Hasi\u010dsk\u00fd z\u00e1chrann\u00fd sbor \u010cesk\u00e9 republiky (hzscr.cz)<\/a>]<\/p>\n<p><a href=\"https:\/\/twitter.com\/HasiciPraha\/\">[X (Twitter) Hasi\u010di Praha]<\/a><\/p>\n<p>Internetov\u00e9 str\u00e1nky HZS Moravskoslezsk\u00e9ho kraje<br \/>\n[<a href=\"https:\/\/www.hzscr.cz\/hzs-moravskoslezskeho-kraje\">HZS Moravskoslezsk\u00e9ho kraje &#8211; Hasi\u010dsk\u00fd z\u00e1chrann\u00fd sbor \u010cesk\u00e9 republiky (hzscr.cz)<\/a>]<\/p>\n<p>Internetov\u00e9 str\u00e1nky Ministerstva zahrani\u010dn\u00edch v\u011bc\u00ed<br \/>\n[<a href=\"https:\/\/www.mzv.cz\/jnp\/\">Ministerstvo zahrani\u010dn\u00edch v\u011bc\u00ed \u010cesk\u00e9 republiky (mzv.cz)<\/a>]<\/p>\n<p>\u010cesk\u00e9 internetov\u00e9 str\u00e1nky v\u011bnovan\u00e9 v\u0161em z\u00e1chran\u00e1\u0159\u016fm<br \/>\n[<a href=\"https:\/\/www.pozary.cz\/\">PO\u017d\u00c1RY.cz &#8211; ohnisko \u017ehav\u00fdch zpr\u00e1v | hasi\u010di aktu\u00e1ln\u011b (pozary.cz)<\/a>]<\/p>\n<p><strong>ODKAZY NA INTERNETOV\u00c9 STR\u00c1NKY MEZIN\u00c1RODN\u00cdCH ORGANIZAC\u00cd<\/strong><br \/>\nInternetov\u00e9 str\u00e1nky UN-OCHA<br \/>\n[<a href=\"https:\/\/www.unocha.org\/\">OCHA (unocha.org)<\/a>]<\/p>\n<p>UN Disaster Assessment and Coordination (UNDAC)<br \/>\n[<a href=\"https:\/\/www.unocha.org\/our-work\/coordination\/un-disaster-assessment-and-coordination-undac\">UN Disaster Assessment and Coordination (UNDAC) | OCHA (unocha.org)<\/a>]<\/p>\n<p>\u010clenov\u00e9 a partne\u0159i UNDAC<br \/>\n[<a href=\"https:\/\/www.unocha.org\/undac-members-and-partners\">UNDAC Members and Partners | OCHA (unocha.org)<\/a>]<\/p>\n<p>Internetov\u00e9 str\u00e1nky UN-INSARAG<br \/>\n[<a href=\"https:\/\/www.insarag.org\/\">INSARAG \u2013 Preparedness Response<\/a>]<\/p>\n<p>Internetov\u00e9 str\u00e1nky UN-VIRTUAL OSOCC<br \/>\n[<a href=\"https:\/\/vosocc.unocha.org\/\">GDACS &#8211; Virtual OSOCC (unocha.org)<\/a>]<\/p>\n<p>Internetov\u00e9 str\u00e1nky GDACS<br \/>\n[<a href=\"https:\/\/www.gdacs.org\/\">GDACS &#8211; Global Disaster Alert and Coordination System<\/a>]<\/p>\n<p>Internetov\u00e9 str\u00e1nky ReliefWeb<br \/>\n[<a href=\"https:\/\/reliefweb.int\/\">ReliefWeb &#8211; Informing humanitarians worldwide<\/a>]<\/p>\n<p><strong>ODKAZY NA INTERNETOV\u00c9 STR\u00c1NKY USAR TEAM\u016e A Z\u00c1CHRAN\u00c1\u0158\u016e VE SV\u011aT\u011a<\/strong><br \/>\nOfici\u00e1ln\u00ed internetov\u00e9 str\u00e1nky USAR teamu Nizozem\u00ed<br \/>\n[<a href=\"https:\/\/www.usar.nl\/\">Liveblog &#8211; USAR.NL ingezet na zware aardbeving in Turkije &#8211; USAR.NL<\/a>]<\/p>\n<p>Ofici\u00e1ln\u00ed internetov\u00e9 str\u00e1nky americk\u00fdch USAR team\u016f<br \/>\n[<a href=\"https:\/\/www.catf3.org\/\">CA-TF3 (catf3.org)<\/a>]<\/p>\n<p>Ofici\u00e1ln\u00ed internetov\u00e9 str\u00e1nky Fire &amp; Emergency Services st\u00e1tu Texas &#8211; USA<br \/>\n[<a href=\"https:\/\/teex.org\/fire-and-emergency-services\/\">Fire &amp; Emergency Services | TEEX.ORG<\/a>]<\/p>\n","protected":false},"excerpt":{"rendered":"<div class=\"mh-excerpt\"><p>ODKAZY NA INTERNETOV\u00c9 STR\u00c1NKY T\u00ddKAJ\u00cdC\u00cd SE JEDNOTEK A Z\u00c1CHRAN\u00c1\u0158\u016e V \u010cR Ofici\u00e1ln\u00ed internetov\u00e9 str\u00e1nky Hasi\u010dsk\u00e9ho z\u00e1chrann\u00e9ho sboru \u010cR [Hasi\u010dsk\u00fd z\u00e1chrann\u00fd sbor \u010cesk\u00e9 republiky (hzscr.cz)] Ofici\u00e1ln\u00ed <a class=\"mh-excerpt-more\" href=\"https:\/\/www.usar.cz\/en\/odkazy\/\" title=\"Odkazy\">[&#8230;]<\/a><\/p>\n<\/div>","protected":false},"author":3,"featured_media":0,"parent":0,"menu_order":15,"comment_status":"closed","ping_status":"closed","template":"","meta":{"_monsterinsights_skip_tracking":false,"_monsterinsights_sitenote_active":false,"_monsterinsights_sitenote_note":"","_monsterinsights_sitenote_category":0,"footnotes":""},"class_list":["post-266","page","type-page","status-publish","hentry"],"_links":{"self":[{"href":"https:\/\/www.usar.cz\/en\/wp-json\/wp\/v2\/pages\/266","targetHints":{"allow":["GET"]}}],"collection":[{"href":"https:\/\/www.usar.cz\/en\/wp-json\/wp\/v2\/pages"}],"about":[{"href":"https:\/\/www.usar.cz\/en\/wp-json\/wp\/v2\/types\/page"}],"author":[{"embeddable":true,"href":"https:\/\/www.usar.cz\/en\/wp-json\/wp\/v2\/users\/3"}],"replies":[{"embeddable":true,"href":"https:\/\/www.usar.cz\/en\/wp-json\/wp\/v2\/comments?post=266"}],"version-history":[{"count":5,"href":"https:\/\/www.usar.cz\/en\/wp-json\/wp\/v2\/pages\/266\/revisions"}],"predecessor-version":[{"id":1301,"href":"https:\/\/www.usar.cz\/en\/wp-json\/wp\/v2\/pages\/266\/revisions\/1301"}],"wp:attachment":[{"href":"https:\/\/www.usar.cz\/en\/wp-json\/wp\/v2\/media?parent=266"}],"curies":[{"name":"wp","href":"https:\/\/api.w.org\/{rel}","templated":true}]}}