{"id":269,"date":"2023-02-22T14:18:59","date_gmt":"2023-02-22T13:18:59","guid":{"rendered":"https:\/\/www.usar.cz\/?page_id=269"},"modified":"2023-08-09T12:14:01","modified_gmt":"2023-08-09T10:14:01","slug":"materialy-ke-stazeni","status":"publish","type":"page","link":"https:\/\/www.usar.cz\/en\/materialy-ke-stazeni\/","title":{"rendered":"Downloadables"},"content":{"rendered":"<p><a href=\"https:\/\/www.usar.cz\/wp-content\/uploads\/2023\/05\/OSOCC-Guidelines-2018.pdf\">OSOCC GUIDELINES 2018 (pdf)<\/a><\/p>\n<p><a href=\"https:\/\/www.usar.cz\/wp-content\/uploads\/2023\/05\/Zakon-151-2010.txt\">Z\u00e1kon \u010d. 151\/2010 Sb., o zahrani\u010dn\u00ed rozvojov\u00e9 spolupr\u00e1ci a humanit\u00e1rn\u00ed pomoci poskytovan\u00e9 do zahrani\u010d\u00ed<\/a><\/p>\n<p><a href=\"https:\/\/www.usar.cz\/wp-content\/uploads\/2023\/05\/Prirucka-Virtual-On-Site-Operations-Coordination-Centre-User-Guide.pdf\">P\u0158\u00cdRU\u010cKA VIRTUAL ON-SITE OPERATIONS COORDINATION CENTRE USER GUIDE (pdf)<\/a><\/p>\n<p><a href=\"https:\/\/www.usar.cz\/wp-content\/uploads\/2023\/05\/Moduly-CO-Ochrana-obyvatelstva-v-EU.pdf\">MODULY CO &#8211; OCHRANA OBYVATELSTVA V EU (pdf)<\/a><\/p>\n<p><a href=\"https:\/\/www.usar.cz\/wp-content\/uploads\/2023\/05\/pokyn-gr-2009.pdf\">Pokyn gener\u00e1ln\u00edho \u0159editele Hasi\u010dsk\u00e9ho z\u00e1chrann\u00e9ho sboru \u010cR ze dne 28.1.2009 (pdf)<\/a><\/p>\n<p><a href=\"https:\/\/www.usar.cz\/wp-content\/uploads\/2023\/08\/Metodika-koordinace-humanitarni-pomoci-a-zachrannych-praci-pro-stycne-dustojniky.rar\">METODIKA KOORDINACE HUMANIT\u00c1RN\u00cd POMOCI A Z\u00c1CHRANN\u00ddCH PRAC\u00cd PRO STY\u010cN\u00c9 D\u016eSTOJN\u00cdKY (rar)<\/a><\/p>\n<p><a href=\"https:\/\/www.usar.cz\/wp-content\/uploads\/2023\/05\/UN-INSARAG-Guidelines-and-Methodology-January-2007-Pocket-Version.doc\">UN &#8211; INSARAG GUIDELINES AND METHODOLOGY JANUARY 2007 (AJ) POCKET VERSION (doc)<\/a><\/p>\n<p><a href=\"https:\/\/www.usar.cz\/wp-content\/uploads\/2023\/05\/Letak-USAR-ENG.pdf\">Let\u00e1k USAR (anglicky, pdf)<\/a><\/p>\n<p><a href=\"https:\/\/www.usar.cz\/wp-content\/uploads\/2023\/05\/Tamperska-umluva-o-poskytovani-telekomunikacnich-zdroju-pro-zmirnovani-nasledku-katastrof-a-zachranne-prace.pdf\">TAMPERSK\u00c1 \u00daMLUVA O POSKYTOV\u00c1N\u00cd TELEKOMUNIKA\u010cN\u00cdCH ZDROJ\u016c PRO ZM\u00cdR\u0147OV\u00c1N\u00cd N\u00c1SLEDK\u016c KATASTROF A Z\u00c1CHRANN\u00c9 PR\u00c1CE (pdf)<\/a><\/p>\n<p><a href=\"https:\/\/www.usar.cz\/wp-content\/uploads\/2023\/05\/EU-Handbook-on-Assistance-Intervention-in-the-Frame-of-the-Community-Mechanism-for-Cooperation-in-Civil-Protection.doc\">EU HANDBOOK ON ASSISTANCE INTERVENTIONS IN THE FRAME OF THE COMMUNITY MECHANISM FOR COOPERATION IN CIVIL PROTECTION (doc)<\/a><\/p>\n<p><a href=\"https:\/\/www.usar.cz\/wp-content\/uploads\/2023\/05\/Prirucka-pro-velitele-jednotek-MV-GR-HZS-CR.pdf\">P\u0158\u00cdRU\u010cKA PRO VELITELE JEDNOTEK MV-GENER\u00c1LN\u00cdHO \u0158EDITELSTV\u00cd HZS \u010cR (\u010desky, pdf)<\/a><\/p>\n<p><a href=\"https:\/\/www.usar.cz\/wp-content\/uploads\/2023\/05\/Metodika-sutinoveho-vyhledavani-s-vyuzitim-zachranarskych-psu.pdf\">METODIKA SUTINOV\u00c9HO VYHLED\u00c1V\u00c1N\u00cd S VYU\u017dIT\u00cdM Z\u00c1CHRAN\u00c1\u0158SK\u00ddCH PS\u016e (\u010desky, pdf)<\/a><\/p>\n<p><a href=\"https:\/\/www.usar.cz\/wp-content\/uploads\/2023\/05\/Vyznamna-svetova-zemetreseni-v-letech-2000-2005-a-jejich-dusledky.pdf\">V\u00ddZNAMN\u00c1 SV\u011aTOV\u00c1 ZEM\u011aT\u0158ESEN\u00cd V LETECH 2000 \u2013 2005 A JEJICH D\u016eSLEDKY (\u010desky, pdf)<\/a><\/p>\n<p><a href=\"https:\/\/www.usar.cz\/wp-content\/uploads\/2023\/05\/Prace-ve-vyskach-a-nad-volnou-hloubkou-v-podminkach-pozarni-ochrany.pdf\">PR\u00c1CE VE V\u00dd\u0160K\u00c1CH A NAD VOLNOU HLOUBKOU V PODM\u00cdNK\u00c1CH PO\u017d\u00c1RN\u00cd OCHRANY (\u010desky, pdf)<\/a><\/p>\n<p><a href=\"https:\/\/www.usar.cz\/wp-content\/uploads\/2023\/05\/Novinari-a-nestesti.pdf\">NOVIN\u00c1\u0158I A NE\u0160T\u011aST\u00cd (\u010desky, pdf)<\/a><\/p>\n<p><a href=\"https:\/\/www.usar.cz\/wp-content\/uploads\/2023\/05\/Tragedies-and-Journalists.pdf\">TRAGEDIE AND JOURNALISTS (anglicky, pdf)<\/a><\/p>\n<p><a href=\"https:\/\/www.usar.cz\/wp-content\/uploads\/2023\/08\/Metodicke-pokyny-pro-spolupraci-JPO-CR-a-HZS-a-hasicskych-jednotek-Slovenske-republiky-pri-vzajemne-pomoci-pri-zdolavani-mimoradnych-udalosti.rar\">METODICK\u00c9 POKYNY PRO SPOLUPR\u00c1CI JEDNOTEK PO\u017d\u00c1RN\u00cd OCHRANY \u010cESK\u00c9 REPUBLIKY A HASI\u010cSK\u00c9HO Z\u00c1CHRANN\u00c9HO SBORU A HASI\u010cSK\u00ddCH JEDNOTEK SLOVENSK\u00c9 REPUBLIKY P\u0158I VZ\u00c1JEMN\u00c9 POMOCI P\u0158I ZDOL\u00c1V\u00c1N\u00cd MIMO\u0158\u00c1DN\u00ddCH UD\u00c1LOST\u00cd (\u010cJ &#8211; SJ, rar)<\/a><\/p>\n<p><a href=\"https:\/\/www.usar.cz\/wp-content\/uploads\/2023\/08\/Metodicke-pokyny-pro-JPO-podilejici-se-na-vzajemne-pomoci-Polske-republiky-a-Ceske-republiky.rar\">METODICK\u00c9 POKYNY PRO JEDNOTKY PO\u017d\u00c1RN\u00cd OCHRANY POD\u00cdLEJ\u00cdC\u00cd SE NA VZ\u00c1JEMN\u00c9 POMOCI POLSK\u00c9 REPUBLIKY A \u010cESK\u00c9 REPUBLIKY (\u010cJ-PJ, rar)<\/a><\/p>\n<p><a href=\"https:\/\/www.usar.cz\/wp-content\/uploads\/2023\/08\/Uplne-zneni-smluv-o-preshranicni-spolupraci-platnych-k-1.11.2006.rar\">\u00daPLN\u00c9 ZN\u011aN\u00cd SMLUV O P\u0158ESHRANI\u010cN\u00cd SPOLUPR\u00c1CI, PLATN\u00ddCH K 1.11.2006 (rar)<\/a><\/p>\n<p><a href=\"https:\/\/www.usar.cz\/wp-content\/uploads\/2023\/05\/The-Sphere-Project-Humanitarian-Charter-and-Minimum-Standards-in-Disaster-Response.pdf\">THE SPHERE PROJECT &#8211; HUMANITARIAN CHARTER AND MINIMUM STANDARDS IN DISASTER RESPONSE (anglicky, pdf)<\/a><\/p>","protected":false},"excerpt":{"rendered":"<div class=\"mh-excerpt\"><p>OSOCC GUIDELINES 2018 (pdf) Z\u00e1kon \u010d. 151\/2010 Sb., o zahrani\u010dn\u00ed rozvojov\u00e9 spolupr\u00e1ci a humanit\u00e1rn\u00ed pomoci poskytovan\u00e9 do zahrani\u010d\u00ed P\u0158\u00cdRU\u010cKA VIRTUAL ON-SITE OPERATIONS COORDINATION CENTRE USER <a class=\"mh-excerpt-more\" href=\"https:\/\/www.usar.cz\/en\/materialy-ke-stazeni\/\" title=\"Materi\u00e1ly ke sta\u017een\u00ed\">[&#8230;]<\/a><\/p>\n<\/div>","protected":false},"author":3,"featured_media":0,"parent":0,"menu_order":16,"comment_status":"closed","ping_status":"closed","template":"","meta":{"_monsterinsights_skip_tracking":false,"_monsterinsights_sitenote_active":false,"_monsterinsights_sitenote_note":"","_monsterinsights_sitenote_category":0,"footnotes":""},"class_list":["post-269","page","type-page","status-publish","hentry"],"_links":{"self":[{"href":"https:\/\/www.usar.cz\/en\/wp-json\/wp\/v2\/pages\/269","targetHints":{"allow":["GET"]}}],"collection":[{"href":"https:\/\/www.usar.cz\/en\/wp-json\/wp\/v2\/pages"}],"about":[{"href":"https:\/\/www.usar.cz\/en\/wp-json\/wp\/v2\/types\/page"}],"author":[{"embeddable":true,"href":"https:\/\/www.usar.cz\/en\/wp-json\/wp\/v2\/users\/3"}],"replies":[{"embeddable":true,"href":"https:\/\/www.usar.cz\/en\/wp-json\/wp\/v2\/comments?post=269"}],"version-history":[{"count":4,"href":"https:\/\/www.usar.cz\/en\/wp-json\/wp\/v2\/pages\/269\/revisions"}],"predecessor-version":[{"id":1083,"href":"https:\/\/www.usar.cz\/en\/wp-json\/wp\/v2\/pages\/269\/revisions\/1083"}],"wp:attachment":[{"href":"https:\/\/www.usar.cz\/en\/wp-json\/wp\/v2\/media?parent=269"}],"curies":[{"name":"wp","href":"https:\/\/api.w.org\/{rel}","templated":true}]}}