{"id":28,"date":"2022-09-19T11:28:47","date_gmt":"2022-09-19T09:28:47","guid":{"rendered":"https:\/\/www.usar.cz\/?page_id=28"},"modified":"2023-08-09T13:19:42","modified_gmt":"2023-08-09T11:19:42","slug":"kynologie-v-izs","status":"publish","type":"page","link":"https:\/\/www.usar.cz\/en\/kynologie\/kynologie-v-izs\/","title":{"rendered":"Cynology in IRS"},"content":{"rendered":"<p>One of the tasks of the FRS CR is to provide effective assistance in emergency situations, which include rescue of persons in rubble of collapsed buildings.<br \/><br \/>Rescue cynology is a cynological branch whose mission is to train a dog handler with a dog to find missing persons in rubble, in open terrain, avalanches, under water, etc. using the dog's olfactory abilities. The handler and the dog, who carry out training in the field of rescue cynology, form an inseparable cynological pair. When the handler is indisposed, the dog is unusable, when the dog is indisposed, the handler is unusable.<br \/><br \/>After the earthquake in Turkey in 1999, it became clear that the FRS CR would have to deal with the idea of close cooperation with volunteer cynologists. Until then, volunteer cynologists united in various organizations, such as the Association of rescue brigades of cynologists and other dog handlers, cooperated mainly with the Main Office of the CP and the training bases of the Czech Army.<br \/><br \/>Today, with regard to its specificity, rescue cynology as one of the priorities within the IRS, is mainly used by drawing the resources from other bodies of the IRS, which actively deal with rescue cynology, or by using the status of personal and material help.<\/p>\r\n<center>\r\n<p><img loading=\"lazy\" decoding=\"async\" class=\"alignnone size-mh-magazine-lite-content wp-image-1161\" src=\"https:\/\/www.usar.cz\/wp-content\/uploads\/2023\/08\/20220908_Ralsko_Ks076-678x381.jpg\" alt=\"\" width=\"678\" height=\"381\" \/><\/p>\r\n<p><a href=\"https:\/\/www.hzscr.cz\/clanek\/kynologie-v-integrovanem-zachrannem-systemu-65558.aspx?q=Y2hudW09Mg%3d%3d\">Related regulations and documents<\/a><\/p>\r\n<p><a href=\"https:\/\/www.hzscr.cz\/clanek\/kynologie-v-integrovanem-zachrannem-systemu-65558.aspx?q=Y2hudW09Mw%3d%3d\">Event calendar<\/a><\/p>\r\n<p><a href=\"https:\/\/www.hzscr.cz\/clanek\/kynologie-v-integrovanem-zachrannem-systemu-65558.aspx?q=Y2hudW09NQ%3d%3d\">Expert Cynological Commission<\/a><\/p>\r\n<p><a href=\"https:\/\/www.usar.cz\/en\/temata\/kynologie\/\">Deployment of dog handler \u2013 joint interventions of dog handlers and FRS CR<\/a><\/p>\r\n<p><img loading=\"lazy\" decoding=\"async\" class=\"wp-image-1160 aligncenter\" src=\"https:\/\/www.usar.cz\/wp-content\/uploads\/2023\/08\/Kynologove.png\" alt=\"\" width=\"220\" height=\"198\" srcset=\"https:\/\/www.usar.cz\/wp-content\/uploads\/2023\/08\/Kynologove.png 400w, https:\/\/www.usar.cz\/wp-content\/uploads\/2023\/08\/Kynologove-300x270.png 300w, https:\/\/www.usar.cz\/wp-content\/uploads\/2023\/08\/Kynologove-13x12.png 13w\" sizes=\"auto, (max-width: 220px) 100vw, 220px\" \/><\/p>\r\n<\/center>","protected":false},"excerpt":{"rendered":"<div class=\"mh-excerpt\"><p>Jedn\u00edm z \u00fakol\u016f HZS \u010cR je poskytnut\u00ed \u00fa\u010dinn\u00e9 pomoci p\u0159i mimo\u0159\u00e1dn\u00fdch ud\u00e1lostech, mezi kter\u00e9 pat\u0159\u00ed i mimo\u0159\u00e1dn\u00e9 ud\u00e1losti vy\u017eaduj\u00edc\u00ed nalezen\u00ed a z\u00e1chranu osob ze sutin <a class=\"mh-excerpt-more\" href=\"https:\/\/www.usar.cz\/en\/kynologie\/kynologie-v-izs\/\" title=\"Kynologie v\u00a0IZS\">[&#8230;]<\/a><\/p>\n<\/div>","protected":false},"author":3,"featured_media":0,"parent":89,"menu_order":10,"comment_status":"closed","ping_status":"closed","template":"template-full.php","meta":{"_monsterinsights_skip_tracking":false,"_monsterinsights_sitenote_active":false,"_monsterinsights_sitenote_note":"","_monsterinsights_sitenote_category":0,"footnotes":""},"class_list":["post-28","page","type-page","status-publish","hentry"],"_links":{"self":[{"href":"https:\/\/www.usar.cz\/en\/wp-json\/wp\/v2\/pages\/28","targetHints":{"allow":["GET"]}}],"collection":[{"href":"https:\/\/www.usar.cz\/en\/wp-json\/wp\/v2\/pages"}],"about":[{"href":"https:\/\/www.usar.cz\/en\/wp-json\/wp\/v2\/types\/page"}],"author":[{"embeddable":true,"href":"https:\/\/www.usar.cz\/en\/wp-json\/wp\/v2\/users\/3"}],"replies":[{"embeddable":true,"href":"https:\/\/www.usar.cz\/en\/wp-json\/wp\/v2\/comments?post=28"}],"version-history":[{"count":14,"href":"https:\/\/www.usar.cz\/en\/wp-json\/wp\/v2\/pages\/28\/revisions"}],"predecessor-version":[{"id":1164,"href":"https:\/\/www.usar.cz\/en\/wp-json\/wp\/v2\/pages\/28\/revisions\/1164"}],"up":[{"embeddable":true,"href":"https:\/\/www.usar.cz\/en\/wp-json\/wp\/v2\/pages\/89"}],"wp:attachment":[{"href":"https:\/\/www.usar.cz\/en\/wp-json\/wp\/v2\/media?parent=28"}],"curies":[{"name":"wp","href":"https:\/\/api.w.org\/{rel}","templated":true}]}}