{"id":85,"date":"2022-10-06T14:17:59","date_gmt":"2022-10-06T12:17:59","guid":{"rendered":"https:\/\/www.usar.cz\/?page_id=85"},"modified":"2023-08-09T12:21:15","modified_gmt":"2023-08-09T10:21:15","slug":"insarag","status":"publish","type":"page","link":"https:\/\/www.usar.cz\/en\/insarag\/","title":{"rendered":"INSARAG"},"content":{"rendered":"<h4>INSARAG &#8211; International search and rescue advisory group<br \/>\n(Mezin\u00e1rodn\u00ed poradn\u00ed skupina pro vyhled\u00e1v\u00e1n\u00ed a z\u00e1chranu)<\/h4>\n<h4>P\u0159edstaven\u00ed INSARAG<\/h4>\n<p>Field Coordination Support Section &#8211; Podp\u016frn\u00e1 sekce pro koordinaci v m\u00edst\u011b z\u00e1sahu (d\u00e1le jen &#8222;FCSS&#8220;) z UN OCHA, kter\u00e1 m\u00e1 s\u00eddlo v sekretari\u00e1tu INSARAG podpo\u0159ila rozvoj INSARAG Guidelines and Methodology (d\u00e1len jen &#8222;Metodika INSARAG&#8220;) \u010dlensk\u00fdm st\u00e1t\u016fm a organizaci INSARAG. Metodika INSARAG jsou ur\u010deny jako doporu\u010duj\u00edc\u00ed pr\u016fvodce pro mezin\u00e1rodn\u00ed USAR operace, pro st\u00e1ty, kter\u00e9 rozv\u00edj\u00ed kapacity USAR a t\u00fdmy. Metodika INSARAG nen\u00ed autoritativn\u00ed instrukc\u00ed, ale d\u00e1v\u00e1 detailn\u00ed doporu\u010den\u00ed, kter\u00e1 jsou z\u00edskan\u00e1 na z\u00e1klad\u011b zku\u0161enost\u00ed USAR t\u00fdm\u016f. Do Metodiky INSARAG jsou postupn\u011b zapracov\u00e1v\u00e1ny informace z\u00edskan\u00e9 od zasahuj\u00edc\u00edch \u010dlen\u016f USAR t\u00fdm\u016f.<\/p>\n<h4>Historie INSARAG<\/h4>\n<p>INSARAG za\u010dal b\u00fdt formov\u00e1n v roce 1991, jako koordina\u010dn\u00ed slo\u017eka st\u00e1t\u016f p\u0159i zem\u011bt\u0159esen\u00edch nebo katastrof\u00e1ch, kter\u00e9 zap\u0159\u00ed\u010din\u00ed tot\u00e1ln\u00ed struktur\u00e1ln\u00ed kolaps, ale tak\u00e9 koordina\u010dn\u00ed slo\u017eka st\u00e1t\u016f, kter\u00e9 prov\u00e1d\u011bj\u00ed mezin\u00e1rodn\u00ed USAR pomoc, OSN, a jin\u00fdch. V obdob\u00ed mezi katastrofami INSARAG zaji\u0161\u0165uje p\u0159\u00edpravu USAR st\u00e1t\u016f, kter\u00e9 poskytuj\u00ed pomoc. V pr\u016fb\u011bhu katastrof, posti\u017een\u00e9 zem\u011b a zem\u011b, kter\u00e9 poskytuj\u00ed USAR pomoc aplikuj\u00ed prvky z Metodiky INSARAG. Aktivity INSARAG zahrnuj\u00ed tak\u00e9 zlep\u0161ov\u00e1n\u00ed p\u0159\u00edpravy na katastrofy zahrnuj\u00edc\u00ed podporu mezi mezin\u00e1rodn\u00edmi USAR t\u00fdmy a jejich v\u00fdm\u011bnu informac\u00ed a zku\u0161enost\u00ed.<\/p>\n<p><b>MV-gener\u00e1ln\u00ed \u0159editelstv\u00ed HZS \u010cR nahl\u00e1silo \u010desk\u00fd USAR t\u00fdm na sekretari\u00e1t INSARAG-FCSS v roce 1999, jako ofici\u00e1ln\u00ed USAR t\u00fdm MV-gener\u00e1ln\u00edho \u0159editelstv\u00ed HZS \u010cR.<\/b><\/p>\n<h4>Metodika insarag<\/h4>\n<p>Metodika INSARAG je ur\u010dena mezin\u00e1rodn\u00edm USAR t\u00fdm\u016fm a zahrnuje n\u00e1sleduj\u00edc\u00ed f\u00e1ze:<br \/>\n<b>P\u0159\u00edprava<br \/>\n<\/b>&#8211; \u010das mezi katastrofami, kdy se t\u00fdmy sch\u00e1zej\u00ed a vym\u011b\u0148uj\u00ed si informace a zku\u0161enosti.<br \/>\n<b>Mobilizace<br \/>\n<\/b>&#8211; syst\u00e9m vysl\u00e1n\u00ed USAR t\u00fdmu, kter\u00fd je p\u0159ipraven zasahovat v posti\u017een\u00e9 zemi.<br \/>\n<b>Operace<br \/>\n<\/b>&#8211; popis ve\u0161ker\u00fdch operac\u00ed, kter\u00e9 USAR t\u00fdm prov\u00e1d\u00ed v m\u00edst\u011b z\u00e1sahu, registrace u OSOCC), informov\u00e1n\u00ed LEMA a samotn\u00e1 pr\u00e1ce USAR t\u00fdmu.<br \/>\n<b>Demobilizace<br \/>\n<\/b>&#8211; rozhodnut\u00ed o ukon\u010den\u00ed operace, odhl\u00e1\u0161en\u00ed z OSOCC a n\u00e1vrat zp\u011bt do vlasti.<br \/>\n<b>Post-Mise<br \/>\n<\/b>&#8211; jedn\u00e1 se o zp\u011btnou vazbu, naps\u00e1n\u00ed a odesl\u00e1n\u00ed zpr\u00e1vy o z\u00e1sahu na sekretari\u00e1t INSARAG, p\u0159ed\u00e1v\u00e1n\u00ed informac\u00ed koleg\u016fm.<\/p>\n<h4>STRUKTURA INSARAG<a href=\"https:\/\/www.usar.cz\/data\/pictures_items\/det_239.jpg\"><img decoding=\"async\" src=\"https:\/\/www.usar.cz\/data\/pictures_items\/prev_239.jpg\" alt=\"\" \/><\/a><\/h4>\n<div class=\"imgcontainerleft\">\n<div class=\"imgfile\"><a href=\"https:\/\/www.usar.cz\/data\/pictures_items\/det_239.jpg\"><img loading=\"lazy\" decoding=\"async\" class=\"size-full wp-image-1086 aligncenter\" src=\"https:\/\/www.usar.cz\/wp-content\/uploads\/2023\/08\/INSARAG.jpg\" alt=\"\" width=\"550\" height=\"262\" srcset=\"https:\/\/www.usar.cz\/wp-content\/uploads\/2023\/08\/INSARAG.jpg 550w, https:\/\/www.usar.cz\/wp-content\/uploads\/2023\/08\/INSARAG-300x143.jpg 300w, https:\/\/www.usar.cz\/wp-content\/uploads\/2023\/08\/INSARAG-18x9.jpg 18w\" sizes=\"auto, (max-width: 550px) 100vw, 550px\" \/><\/a><\/div>\n<\/div>\n<p>\u010cesk\u00e1 republika respektive USAR t\u00fdm MV-gener\u00e1ln\u00edho \u0159editelstv\u00ed HZS \u010cR spad\u00e1 pod &#8222;<a href=\"https:\/\/www.usar.cz\/insarag-zsc\/\">Region\u00e1ln\u00ed skupinu Africa\/Europe&#8220;<\/a>.<br \/>\n\u010clenov\u00e9 ka\u017ed\u00e9 jednotliv\u00e9 skupiny se ka\u017edoro\u010dn\u011b sch\u00e1zej\u00ed. U skupiny Africa\/Europe se jedn\u00e1n\u00ed uskute\u010d\u0148uj\u00ed st\u0159\u00eddav\u011b na ka\u017ed\u00e9m kontinentu.<\/p>\n<p>&nbsp;<\/p>\n<p><a href=\"https:\/\/www.insarag.org\/methodology\/insarag-guidelines\/\">[Insarag Guidelines 2020]<\/a><\/p>\n","protected":false},"excerpt":{"rendered":"<div class=\"mh-excerpt\"><p>INSARAG &#8211; International search and rescue advisory group (Mezin\u00e1rodn\u00ed poradn\u00ed skupina pro vyhled\u00e1v\u00e1n\u00ed a z\u00e1chranu) P\u0159edstaven\u00ed INSARAG Field Coordination Support Section &#8211; Podp\u016frn\u00e1 sekce pro <a class=\"mh-excerpt-more\" href=\"https:\/\/www.usar.cz\/en\/insarag\/\" title=\"INSARAG\">[&#8230;]<\/a><\/p>\n<\/div>","protected":false},"author":3,"featured_media":0,"parent":0,"menu_order":11,"comment_status":"closed","ping_status":"closed","template":"template-full.php","meta":{"_monsterinsights_skip_tracking":false,"_monsterinsights_sitenote_active":false,"_monsterinsights_sitenote_note":"","_monsterinsights_sitenote_category":0,"footnotes":""},"class_list":["post-85","page","type-page","status-publish","hentry"],"_links":{"self":[{"href":"https:\/\/www.usar.cz\/en\/wp-json\/wp\/v2\/pages\/85","targetHints":{"allow":["GET"]}}],"collection":[{"href":"https:\/\/www.usar.cz\/en\/wp-json\/wp\/v2\/pages"}],"about":[{"href":"https:\/\/www.usar.cz\/en\/wp-json\/wp\/v2\/types\/page"}],"author":[{"embeddable":true,"href":"https:\/\/www.usar.cz\/en\/wp-json\/wp\/v2\/users\/3"}],"replies":[{"embeddable":true,"href":"https:\/\/www.usar.cz\/en\/wp-json\/wp\/v2\/comments?post=85"}],"version-history":[{"count":5,"href":"https:\/\/www.usar.cz\/en\/wp-json\/wp\/v2\/pages\/85\/revisions"}],"predecessor-version":[{"id":1087,"href":"https:\/\/www.usar.cz\/en\/wp-json\/wp\/v2\/pages\/85\/revisions\/1087"}],"wp:attachment":[{"href":"https:\/\/www.usar.cz\/en\/wp-json\/wp\/v2\/media?parent=85"}],"curies":[{"name":"wp","href":"https:\/\/api.w.org\/{rel}","templated":true}]}}